{"id":1678,"date":"2012-07-12T10:10:16","date_gmt":"2012-07-12T10:10:16","guid":{"rendered":"http:\/\/www.ulusiada.pt\/clima\/?page_id=1678"},"modified":"2012-07-12T15:43:17","modified_gmt":"2012-07-12T15:43:17","slug":"lei-das-apelacoes-3","status":"publish","type":"page","link":"https:\/\/www.ulusiada.pt\/clima\/ius-proprium-leis-gerais\/d-afonso-iv\/lei-das-apelacoes-3\/","title":{"rendered":"Lei das apela\u00e7\u00f5es"},"content":{"rendered":"<p>Lei como os ju\u00edzes n\u00e3o devem dar apela\u00e7\u00e3o das senten\u00e7as interlocut\u00f3rias, salvo em certos casos.<\/p>\n","protected":false},"excerpt":{"rendered":"<p>Lei como os ju\u00edzes n\u00e3o devem dar apela\u00e7\u00e3o das senten\u00e7as interlocut\u00f3rias, salvo em certos casos.<\/p>\n","protected":false},"author":1,"featured_media":0,"parent":99,"menu_order":122,"comment_status":"closed","ping_status":"open","template":"lei-page.php","meta":[],"acf":[],"_links":{"self":[{"href":"https:\/\/www.ulusiada.pt\/clima\/wp-json\/wp\/v2\/pages\/1678"}],"collection":[{"href":"https:\/\/www.ulusiada.pt\/clima\/wp-json\/wp\/v2\/pages"}],"about":[{"href":"https:\/\/www.ulusiada.pt\/clima\/wp-json\/wp\/v2\/types\/page"}],"author":[{"embeddable":true,"href":"https:\/\/www.ulusiada.pt\/clima\/wp-json\/wp\/v2\/users\/1"}],"replies":[{"embeddable":true,"href":"https:\/\/www.ulusiada.pt\/clima\/wp-json\/wp\/v2\/comments?post=1678"}],"version-history":[{"count":4,"href":"https:\/\/www.ulusiada.pt\/clima\/wp-json\/wp\/v2\/pages\/1678\/revisions"}],"predecessor-version":[{"id":1680,"href":"https:\/\/www.ulusiada.pt\/clima\/wp-json\/wp\/v2\/pages\/1678\/revisions\/1680"}],"up":[{"embeddable":true,"href":"https:\/\/www.ulusiada.pt\/clima\/wp-json\/wp\/v2\/pages\/99"}],"wp:attachment":[{"href":"https:\/\/www.ulusiada.pt\/clima\/wp-json\/wp\/v2\/media?parent=1678"}],"curies":[{"name":"wp","href":"https:\/\/api.w.org\/{rel}","templated":true}]}}