{"id":1699,"date":"2012-07-12T11:31:21","date_gmt":"2012-07-12T11:31:21","guid":{"rendered":"http:\/\/www.ulusiada.pt\/clima\/?page_id=1699"},"modified":"2012-11-01T17:01:23","modified_gmt":"2012-11-01T17:01:23","slug":"lei-dos-sinais-da-violacao","status":"publish","type":"page","link":"https:\/\/www.ulusiada.pt\/clima\/ius-proprium-leis-gerais\/d-afonso-iv\/lei-dos-sinais-da-violacao\/","title":{"rendered":"Lei dos sinais da viola\u00e7\u00e3o"},"content":{"rendered":"<p>Lei sobre as provas que oferece a mulher que se diz for\u00e7ada.<\/p>\n","protected":false},"excerpt":{"rendered":"<p>Lei sobre as provas que oferece a mulher que se diz for\u00e7ada.<\/p>\n","protected":false},"author":1,"featured_media":0,"parent":99,"menu_order":127,"comment_status":"closed","ping_status":"open","template":"lei-page.php","meta":[],"acf":[],"_links":{"self":[{"href":"https:\/\/www.ulusiada.pt\/clima\/wp-json\/wp\/v2\/pages\/1699"}],"collection":[{"href":"https:\/\/www.ulusiada.pt\/clima\/wp-json\/wp\/v2\/pages"}],"about":[{"href":"https:\/\/www.ulusiada.pt\/clima\/wp-json\/wp\/v2\/types\/page"}],"author":[{"embeddable":true,"href":"https:\/\/www.ulusiada.pt\/clima\/wp-json\/wp\/v2\/users\/1"}],"replies":[{"embeddable":true,"href":"https:\/\/www.ulusiada.pt\/clima\/wp-json\/wp\/v2\/comments?post=1699"}],"version-history":[{"count":4,"href":"https:\/\/www.ulusiada.pt\/clima\/wp-json\/wp\/v2\/pages\/1699\/revisions"}],"predecessor-version":[{"id":1701,"href":"https:\/\/www.ulusiada.pt\/clima\/wp-json\/wp\/v2\/pages\/1699\/revisions\/1701"}],"up":[{"embeddable":true,"href":"https:\/\/www.ulusiada.pt\/clima\/wp-json\/wp\/v2\/pages\/99"}],"wp:attachment":[{"href":"https:\/\/www.ulusiada.pt\/clima\/wp-json\/wp\/v2\/media?parent=1699"}],"curies":[{"name":"wp","href":"https:\/\/api.w.org\/{rel}","templated":true}]}}