{"id":1704,"date":"2012-07-12T11:41:51","date_gmt":"2012-07-12T11:41:51","guid":{"rendered":"http:\/\/www.ulusiada.pt\/clima\/?page_id=1704"},"modified":"2012-08-30T11:27:22","modified_gmt":"2012-08-30T11:27:22","slug":"lei-das-custas-4","status":"publish","type":"page","link":"https:\/\/www.ulusiada.pt\/clima\/ius-proprium-leis-gerais\/d-afonso-iv\/lei-das-custas-4\/","title":{"rendered":"Lei das custas"},"content":{"rendered":"<p>Lei impondo que os sobreju\u00edzes e ouvidores n\u00e3o d\u00eaem cartas de senten\u00e7a definitiva nem de revelia, at\u00e9 que estejam pagos os seus direitos na Chancelaria.<\/p>\n","protected":false},"excerpt":{"rendered":"<p>Lei impondo que os sobreju\u00edzes e ouvidores n\u00e3o d\u00eaem cartas de senten\u00e7a definitiva nem de revelia, at\u00e9 que estejam pagos os seus direitos na Chancelaria.<\/p>\n","protected":false},"author":1,"featured_media":0,"parent":99,"menu_order":128,"comment_status":"closed","ping_status":"open","template":"lei-page.php","meta":[],"acf":[],"_links":{"self":[{"href":"https:\/\/www.ulusiada.pt\/clima\/wp-json\/wp\/v2\/pages\/1704"}],"collection":[{"href":"https:\/\/www.ulusiada.pt\/clima\/wp-json\/wp\/v2\/pages"}],"about":[{"href":"https:\/\/www.ulusiada.pt\/clima\/wp-json\/wp\/v2\/types\/page"}],"author":[{"embeddable":true,"href":"https:\/\/www.ulusiada.pt\/clima\/wp-json\/wp\/v2\/users\/1"}],"replies":[{"embeddable":true,"href":"https:\/\/www.ulusiada.pt\/clima\/wp-json\/wp\/v2\/comments?post=1704"}],"version-history":[{"count":3,"href":"https:\/\/www.ulusiada.pt\/clima\/wp-json\/wp\/v2\/pages\/1704\/revisions"}],"predecessor-version":[{"id":1706,"href":"https:\/\/www.ulusiada.pt\/clima\/wp-json\/wp\/v2\/pages\/1704\/revisions\/1706"}],"up":[{"embeddable":true,"href":"https:\/\/www.ulusiada.pt\/clima\/wp-json\/wp\/v2\/pages\/99"}],"wp:attachment":[{"href":"https:\/\/www.ulusiada.pt\/clima\/wp-json\/wp\/v2\/media?parent=1704"}],"curies":[{"name":"wp","href":"https:\/\/api.w.org\/{rel}","templated":true}]}}