{"id":1707,"date":"2012-07-12T11:49:18","date_gmt":"2012-07-12T11:49:18","guid":{"rendered":"http:\/\/www.ulusiada.pt\/clima\/?page_id=1707"},"modified":"2012-07-12T11:49:18","modified_gmt":"2012-07-12T11:49:18","slug":"lei-formalidades-processuais","status":"publish","type":"page","link":"https:\/\/www.ulusiada.pt\/clima\/ius-proprium-leis-gerais\/d-afonso-iv\/lei-formalidades-processuais\/","title":{"rendered":"Lei formalidades processuais"},"content":{"rendered":"<p>Lei com v\u00e1rios depoimentos sobre cartas de cita\u00e7\u00e3o, de senten\u00e7a e de posse.<\/p>\n","protected":false},"excerpt":{"rendered":"<p>Lei com v\u00e1rios depoimentos sobre cartas de cita\u00e7\u00e3o, de senten\u00e7a e de posse.<\/p>\n","protected":false},"author":1,"featured_media":0,"parent":99,"menu_order":129,"comment_status":"closed","ping_status":"open","template":"lei-page.php","meta":[],"acf":[],"_links":{"self":[{"href":"https:\/\/www.ulusiada.pt\/clima\/wp-json\/wp\/v2\/pages\/1707"}],"collection":[{"href":"https:\/\/www.ulusiada.pt\/clima\/wp-json\/wp\/v2\/pages"}],"about":[{"href":"https:\/\/www.ulusiada.pt\/clima\/wp-json\/wp\/v2\/types\/page"}],"author":[{"embeddable":true,"href":"https:\/\/www.ulusiada.pt\/clima\/wp-json\/wp\/v2\/users\/1"}],"replies":[{"embeddable":true,"href":"https:\/\/www.ulusiada.pt\/clima\/wp-json\/wp\/v2\/comments?post=1707"}],"version-history":[{"count":2,"href":"https:\/\/www.ulusiada.pt\/clima\/wp-json\/wp\/v2\/pages\/1707\/revisions"}],"predecessor-version":[{"id":1709,"href":"https:\/\/www.ulusiada.pt\/clima\/wp-json\/wp\/v2\/pages\/1707\/revisions\/1709"}],"up":[{"embeddable":true,"href":"https:\/\/www.ulusiada.pt\/clima\/wp-json\/wp\/v2\/pages\/99"}],"wp:attachment":[{"href":"https:\/\/www.ulusiada.pt\/clima\/wp-json\/wp\/v2\/media?parent=1707"}],"curies":[{"name":"wp","href":"https:\/\/api.w.org\/{rel}","templated":true}]}}