{"id":1713,"date":"2012-07-12T12:55:34","date_gmt":"2012-07-12T12:55:34","guid":{"rendered":"http:\/\/www.ulusiada.pt\/clima\/?page_id=1713"},"modified":"2012-07-12T12:55:34","modified_gmt":"2012-07-12T12:55:34","slug":"lei-inquiricoes-na-estremadura","status":"publish","type":"page","link":"https:\/\/www.ulusiada.pt\/clima\/ius-proprium-leis-gerais\/d-afonso-iv\/lei-inquiricoes-na-estremadura\/","title":{"rendered":"Lei inquiri\u00e7\u00f5es na Estremadura"},"content":{"rendered":"<p>Lei sobre inquiri\u00e7\u00e3o \u00e0s rendas dos concelhos da Estremadura, nos \u00faltimos dez anos.<\/p>\n","protected":false},"excerpt":{"rendered":"<p>Lei sobre inquiri\u00e7\u00e3o \u00e0s rendas dos concelhos da Estremadura, nos \u00faltimos dez anos.<\/p>\n","protected":false},"author":1,"featured_media":0,"parent":99,"menu_order":130,"comment_status":"closed","ping_status":"open","template":"lei-page.php","meta":[],"acf":[],"_links":{"self":[{"href":"https:\/\/www.ulusiada.pt\/clima\/wp-json\/wp\/v2\/pages\/1713"}],"collection":[{"href":"https:\/\/www.ulusiada.pt\/clima\/wp-json\/wp\/v2\/pages"}],"about":[{"href":"https:\/\/www.ulusiada.pt\/clima\/wp-json\/wp\/v2\/types\/page"}],"author":[{"embeddable":true,"href":"https:\/\/www.ulusiada.pt\/clima\/wp-json\/wp\/v2\/users\/1"}],"replies":[{"embeddable":true,"href":"https:\/\/www.ulusiada.pt\/clima\/wp-json\/wp\/v2\/comments?post=1713"}],"version-history":[{"count":2,"href":"https:\/\/www.ulusiada.pt\/clima\/wp-json\/wp\/v2\/pages\/1713\/revisions"}],"predecessor-version":[{"id":1715,"href":"https:\/\/www.ulusiada.pt\/clima\/wp-json\/wp\/v2\/pages\/1713\/revisions\/1715"}],"up":[{"embeddable":true,"href":"https:\/\/www.ulusiada.pt\/clima\/wp-json\/wp\/v2\/pages\/99"}],"wp:attachment":[{"href":"https:\/\/www.ulusiada.pt\/clima\/wp-json\/wp\/v2\/media?parent=1713"}],"curies":[{"name":"wp","href":"https:\/\/api.w.org\/{rel}","templated":true}]}}