{"id":1722,"date":"2012-07-12T13:37:06","date_gmt":"2012-07-12T13:37:06","guid":{"rendered":"http:\/\/www.ulusiada.pt\/clima\/?page_id=1722"},"modified":"2012-12-07T16:17:42","modified_gmt":"2012-12-07T16:17:42","slug":"lei-dos-clerigos-advogarem","status":"publish","type":"page","link":"https:\/\/www.ulusiada.pt\/clima\/ius-proprium-leis-gerais\/d-afonso-iv\/lei-dos-clerigos-advogarem\/","title":{"rendered":"Lei dos cl\u00e9rigos advogarem"},"content":{"rendered":"<p>Lei que pro\u00edbe os cl\u00e9rigos, seculares e religiosos, de advogar ou procurar nas suas audi\u00eancias ou qualquer parte do reino.<\/p>\n","protected":false},"excerpt":{"rendered":"<p>Lei que pro\u00edbe os cl\u00e9rigos, seculares e religiosos, de advogar ou procurar nas suas audi\u00eancias ou qualquer parte do reino.<\/p>\n","protected":false},"author":1,"featured_media":0,"parent":99,"menu_order":133,"comment_status":"closed","ping_status":"open","template":"lei-page.php","meta":[],"acf":[],"_links":{"self":[{"href":"https:\/\/www.ulusiada.pt\/clima\/wp-json\/wp\/v2\/pages\/1722"}],"collection":[{"href":"https:\/\/www.ulusiada.pt\/clima\/wp-json\/wp\/v2\/pages"}],"about":[{"href":"https:\/\/www.ulusiada.pt\/clima\/wp-json\/wp\/v2\/types\/page"}],"author":[{"embeddable":true,"href":"https:\/\/www.ulusiada.pt\/clima\/wp-json\/wp\/v2\/users\/1"}],"replies":[{"embeddable":true,"href":"https:\/\/www.ulusiada.pt\/clima\/wp-json\/wp\/v2\/comments?post=1722"}],"version-history":[{"count":4,"href":"https:\/\/www.ulusiada.pt\/clima\/wp-json\/wp\/v2\/pages\/1722\/revisions"}],"predecessor-version":[{"id":1724,"href":"https:\/\/www.ulusiada.pt\/clima\/wp-json\/wp\/v2\/pages\/1722\/revisions\/1724"}],"up":[{"embeddable":true,"href":"https:\/\/www.ulusiada.pt\/clima\/wp-json\/wp\/v2\/pages\/99"}],"wp:attachment":[{"href":"https:\/\/www.ulusiada.pt\/clima\/wp-json\/wp\/v2\/media?parent=1722"}],"curies":[{"name":"wp","href":"https:\/\/api.w.org\/{rel}","templated":true}]}}