{"id":1746,"date":"2012-07-13T14:51:55","date_gmt":"2012-07-13T14:51:55","guid":{"rendered":"http:\/\/www.ulusiada.pt\/clima\/?page_id=1746"},"modified":"2015-08-14T15:29:30","modified_gmt":"2015-08-14T15:29:30","slug":"lei-da-apelacao","status":"publish","type":"page","link":"https:\/\/www.ulusiada.pt\/clima\/ius-proprium-leis-gerais\/d-dinis\/lei-da-apelacao\/","title":{"rendered":"Lei da apela\u00e7\u00e3o"},"content":{"rendered":"<p>Lei que reserva o recurso de apela\u00e7\u00e3o para el-rei.<\/p>\n","protected":false},"excerpt":{"rendered":"<p>Lei que reserva o recurso de apela\u00e7\u00e3o para el-rei.<\/p>\n","protected":false},"author":1,"featured_media":0,"parent":94,"menu_order":3,"comment_status":"closed","ping_status":"open","template":"lei-page.php","meta":[],"acf":[],"_links":{"self":[{"href":"https:\/\/www.ulusiada.pt\/clima\/wp-json\/wp\/v2\/pages\/1746"}],"collection":[{"href":"https:\/\/www.ulusiada.pt\/clima\/wp-json\/wp\/v2\/pages"}],"about":[{"href":"https:\/\/www.ulusiada.pt\/clima\/wp-json\/wp\/v2\/types\/page"}],"author":[{"embeddable":true,"href":"https:\/\/www.ulusiada.pt\/clima\/wp-json\/wp\/v2\/users\/1"}],"replies":[{"embeddable":true,"href":"https:\/\/www.ulusiada.pt\/clima\/wp-json\/wp\/v2\/comments?post=1746"}],"version-history":[{"count":6,"href":"https:\/\/www.ulusiada.pt\/clima\/wp-json\/wp\/v2\/pages\/1746\/revisions"}],"predecessor-version":[{"id":4716,"href":"https:\/\/www.ulusiada.pt\/clima\/wp-json\/wp\/v2\/pages\/1746\/revisions\/4716"}],"up":[{"embeddable":true,"href":"https:\/\/www.ulusiada.pt\/clima\/wp-json\/wp\/v2\/pages\/94"}],"wp:attachment":[{"href":"https:\/\/www.ulusiada.pt\/clima\/wp-json\/wp\/v2\/media?parent=1746"}],"curies":[{"name":"wp","href":"https:\/\/api.w.org\/{rel}","templated":true}]}}