{"id":1750,"date":"2012-07-13T15:57:27","date_gmt":"2012-07-13T15:57:27","guid":{"rendered":"http:\/\/www.ulusiada.pt\/clima\/?page_id=1750"},"modified":"2012-08-30T11:45:08","modified_gmt":"2012-08-30T11:45:08","slug":"lei-das-execucoes","status":"publish","type":"page","link":"https:\/\/www.ulusiada.pt\/clima\/ius-proprium-leis-gerais\/d-dinis\/lei-das-execucoes\/","title":{"rendered":"Lei das execu\u00e7\u00f5es"},"content":{"rendered":"<p>Conjunto normativo que estebelece que: <em>(i)<\/em> no prazo de um ano, para o pagamento de d\u00edvida conhecida em ju\u00edzo se vendam os bens m\u00f3veis e, se n\u00e3o abundarem estes, se vendam os de raiz; <em>(ii)<\/em> que restitui ao dono cousa tomada a for\u00e7a; <em>(iii)<\/em> contra o marido condenado que, maliciosamente, alheia os bens para se escusar \u00e0 execu\u00e7\u00e3o, causando dano e preju\u00edzo \u00e0 mulher; <em>(iv)<\/em> que o vencido seja condenado a pagar as custas; <em>(v)<\/em> confirma a lei de seu pai, D. Afonso III (<strong>1248-1279<\/strong>), sobre pessoas que n\u00e3o podem ser procuradores.<\/p>\n","protected":false},"excerpt":{"rendered":"<p>Conjunto normativo que estebelece que: (i) no prazo de um ano, para o pagamento de d\u00edvida conhecida em ju\u00edzo se vendam os bens m\u00f3veis e, se n\u00e3o abundarem estes, se vendam os de raiz; (ii) que restitui ao dono cousa &hellip; <a href=\"https:\/\/www.ulusiada.pt\/clima\/ius-proprium-leis-gerais\/d-dinis\/lei-das-execucoes\/\">Continuar a ler <span class=\"meta-nav\">&rarr;<\/span><\/a><\/p>\n","protected":false},"author":1,"featured_media":0,"parent":94,"menu_order":4,"comment_status":"closed","ping_status":"open","template":"lei-page.php","meta":[],"acf":[],"_links":{"self":[{"href":"https:\/\/www.ulusiada.pt\/clima\/wp-json\/wp\/v2\/pages\/1750"}],"collection":[{"href":"https:\/\/www.ulusiada.pt\/clima\/wp-json\/wp\/v2\/pages"}],"about":[{"href":"https:\/\/www.ulusiada.pt\/clima\/wp-json\/wp\/v2\/types\/page"}],"author":[{"embeddable":true,"href":"https:\/\/www.ulusiada.pt\/clima\/wp-json\/wp\/v2\/users\/1"}],"replies":[{"embeddable":true,"href":"https:\/\/www.ulusiada.pt\/clima\/wp-json\/wp\/v2\/comments?post=1750"}],"version-history":[{"count":8,"href":"https:\/\/www.ulusiada.pt\/clima\/wp-json\/wp\/v2\/pages\/1750\/revisions"}],"predecessor-version":[{"id":1752,"href":"https:\/\/www.ulusiada.pt\/clima\/wp-json\/wp\/v2\/pages\/1750\/revisions\/1752"}],"up":[{"embeddable":true,"href":"https:\/\/www.ulusiada.pt\/clima\/wp-json\/wp\/v2\/pages\/94"}],"wp:attachment":[{"href":"https:\/\/www.ulusiada.pt\/clima\/wp-json\/wp\/v2\/media?parent=1750"}],"curies":[{"name":"wp","href":"https:\/\/api.w.org\/{rel}","templated":true}]}}