{"id":1765,"date":"2012-07-13T17:34:20","date_gmt":"2012-07-13T17:34:20","guid":{"rendered":"http:\/\/www.ulusiada.pt\/clima\/?page_id=1765"},"modified":"2012-07-13T17:34:46","modified_gmt":"2012-07-13T17:34:46","slug":"lei-dos-advogados","status":"publish","type":"page","link":"https:\/\/www.ulusiada.pt\/clima\/ius-proprium-leis-gerais\/d-dinis\/lei-dos-advogados\/","title":{"rendered":"Lei dos advogados"},"content":{"rendered":"<p>Lei do juramento e dos honor\u00e1rios dos advogados, n\u00e3o podendo levar mais do que a vintena da valia do feito, at\u00e9 cem libras.<\/p>\n","protected":false},"excerpt":{"rendered":"<p>Lei do juramento e dos honor\u00e1rios dos advogados, n\u00e3o podendo levar mais do que a vintena da valia do feito, at\u00e9 cem libras.<\/p>\n","protected":false},"author":1,"featured_media":0,"parent":94,"menu_order":6,"comment_status":"closed","ping_status":"open","template":"lei-page.php","meta":[],"acf":[],"_links":{"self":[{"href":"https:\/\/www.ulusiada.pt\/clima\/wp-json\/wp\/v2\/pages\/1765"}],"collection":[{"href":"https:\/\/www.ulusiada.pt\/clima\/wp-json\/wp\/v2\/pages"}],"about":[{"href":"https:\/\/www.ulusiada.pt\/clima\/wp-json\/wp\/v2\/types\/page"}],"author":[{"embeddable":true,"href":"https:\/\/www.ulusiada.pt\/clima\/wp-json\/wp\/v2\/users\/1"}],"replies":[{"embeddable":true,"href":"https:\/\/www.ulusiada.pt\/clima\/wp-json\/wp\/v2\/comments?post=1765"}],"version-history":[{"count":3,"href":"https:\/\/www.ulusiada.pt\/clima\/wp-json\/wp\/v2\/pages\/1765\/revisions"}],"predecessor-version":[{"id":1767,"href":"https:\/\/www.ulusiada.pt\/clima\/wp-json\/wp\/v2\/pages\/1765\/revisions\/1767"}],"up":[{"embeddable":true,"href":"https:\/\/www.ulusiada.pt\/clima\/wp-json\/wp\/v2\/pages\/94"}],"wp:attachment":[{"href":"https:\/\/www.ulusiada.pt\/clima\/wp-json\/wp\/v2\/media?parent=1765"}],"curies":[{"name":"wp","href":"https:\/\/api.w.org\/{rel}","templated":true}]}}