{"id":1769,"date":"2012-07-13T19:05:09","date_gmt":"2012-07-13T19:05:09","guid":{"rendered":"http:\/\/www.ulusiada.pt\/clima\/?page_id=1769"},"modified":"2012-07-17T18:17:51","modified_gmt":"2012-07-17T18:17:51","slug":"lei-da-desamortizacao","status":"publish","type":"page","link":"https:\/\/www.ulusiada.pt\/clima\/ius-proprium-leis-gerais\/d-dinis\/lei-da-desamortizacao\/","title":{"rendered":"Lei da desamortiza\u00e7\u00e3o"},"content":{"rendered":"<p>Lei para que os cl\u00e9rigos e ordens n\u00e3o comprem bens de raiz sem mandado r\u00e9gio.<\/p>\n","protected":false},"excerpt":{"rendered":"<p>Lei para que os cl\u00e9rigos e ordens n\u00e3o comprem bens de raiz sem mandado r\u00e9gio.<\/p>\n","protected":false},"author":1,"featured_media":0,"parent":94,"menu_order":8,"comment_status":"closed","ping_status":"open","template":"lei-page.php","meta":[],"acf":[],"_links":{"self":[{"href":"https:\/\/www.ulusiada.pt\/clima\/wp-json\/wp\/v2\/pages\/1769"}],"collection":[{"href":"https:\/\/www.ulusiada.pt\/clima\/wp-json\/wp\/v2\/pages"}],"about":[{"href":"https:\/\/www.ulusiada.pt\/clima\/wp-json\/wp\/v2\/types\/page"}],"author":[{"embeddable":true,"href":"https:\/\/www.ulusiada.pt\/clima\/wp-json\/wp\/v2\/users\/1"}],"replies":[{"embeddable":true,"href":"https:\/\/www.ulusiada.pt\/clima\/wp-json\/wp\/v2\/comments?post=1769"}],"version-history":[{"count":9,"href":"https:\/\/www.ulusiada.pt\/clima\/wp-json\/wp\/v2\/pages\/1769\/revisions"}],"predecessor-version":[{"id":1771,"href":"https:\/\/www.ulusiada.pt\/clima\/wp-json\/wp\/v2\/pages\/1769\/revisions\/1771"}],"up":[{"embeddable":true,"href":"https:\/\/www.ulusiada.pt\/clima\/wp-json\/wp\/v2\/pages\/94"}],"wp:attachment":[{"href":"https:\/\/www.ulusiada.pt\/clima\/wp-json\/wp\/v2\/media?parent=1769"}],"curies":[{"name":"wp","href":"https:\/\/api.w.org\/{rel}","templated":true}]}}