{"id":178,"date":"2012-03-16T11:48:50","date_gmt":"2012-03-16T11:48:50","guid":{"rendered":"http:\/\/www.ulusiada.pt\/clima\/?page_id=178"},"modified":"2012-05-02T17:23:19","modified_gmt":"2012-05-02T17:23:19","slug":"lei-dos-juizes","status":"publish","type":"page","link":"https:\/\/www.ulusiada.pt\/clima\/ius-proprium-leis-gerais\/d-afonso-ii\/lei-dos-juizes\/","title":{"rendered":"Lei dos ju\u00edzes"},"content":{"rendered":"<p>D. Afonso II manda colocar ju\u00edzes pelo reino, para administrar justi\u00e7a e <em>correger<\/em> as cousas que vissem que cumpria.<\/p>\n","protected":false},"excerpt":{"rendered":"<p>D. Afonso II manda colocar ju\u00edzes pelo reino, para administrar justi\u00e7a e correger as cousas que vissem que cumpria.<\/p>\n","protected":false},"author":1,"featured_media":0,"parent":78,"menu_order":1,"comment_status":"closed","ping_status":"closed","template":"lei-page.php","meta":[],"acf":[],"_links":{"self":[{"href":"https:\/\/www.ulusiada.pt\/clima\/wp-json\/wp\/v2\/pages\/178"}],"collection":[{"href":"https:\/\/www.ulusiada.pt\/clima\/wp-json\/wp\/v2\/pages"}],"about":[{"href":"https:\/\/www.ulusiada.pt\/clima\/wp-json\/wp\/v2\/types\/page"}],"author":[{"embeddable":true,"href":"https:\/\/www.ulusiada.pt\/clima\/wp-json\/wp\/v2\/users\/1"}],"replies":[{"embeddable":true,"href":"https:\/\/www.ulusiada.pt\/clima\/wp-json\/wp\/v2\/comments?post=178"}],"version-history":[{"count":3,"href":"https:\/\/www.ulusiada.pt\/clima\/wp-json\/wp\/v2\/pages\/178\/revisions"}],"predecessor-version":[{"id":655,"href":"https:\/\/www.ulusiada.pt\/clima\/wp-json\/wp\/v2\/pages\/178\/revisions\/655"}],"up":[{"embeddable":true,"href":"https:\/\/www.ulusiada.pt\/clima\/wp-json\/wp\/v2\/pages\/78"}],"wp:attachment":[{"href":"https:\/\/www.ulusiada.pt\/clima\/wp-json\/wp\/v2\/media?parent=178"}],"curies":[{"name":"wp","href":"https:\/\/api.w.org\/{rel}","templated":true}]}}