{"id":1791,"date":"2012-07-14T14:26:33","date_gmt":"2012-07-14T14:26:33","guid":{"rendered":"http:\/\/www.ulusiada.pt\/clima\/?page_id=1791"},"modified":"2014-05-09T08:30:40","modified_gmt":"2014-05-09T08:30:40","slug":"lei-do-foro-e-asilo-eclesiastico","status":"publish","type":"page","link":"https:\/\/www.ulusiada.pt\/clima\/ius-proprium-leis-gerais\/d-dinis\/lei-do-foro-e-asilo-eclesiastico\/","title":{"rendered":"Lei do foro e asilo eclesi\u00e1stico"},"content":{"rendered":"<p>Lei que determina <em>(i)<\/em> \u00e0s justi\u00e7as do reino que n\u00e3o prendam os cl\u00e9rigos, a n\u00e3o ser que tenham cometido crime que mere\u00e7a morte ou pena corporal; <em>(ii)<\/em> nos casos em que os devam prender, que os entreguem ao seu bispo ou vig\u00e1rios para que lhe fa\u00e7am justi\u00e7a; <em>(iii)<\/em> que respeitem o direito de asilo das igrejas e n\u00e3o retirem os criminosos, a n\u00e3o ser que tenha cometido crime que mere\u00e7a pena de morte ou justi\u00e7a corporal.<\/p>\n","protected":false},"excerpt":{"rendered":"<p>Lei que determina (i) \u00e0s justi\u00e7as do reino que n\u00e3o prendam os cl\u00e9rigos, a n\u00e3o ser que tenham cometido crime que mere\u00e7a morte ou pena corporal; (ii) nos casos em que os devam prender, que os entreguem ao seu bispo &hellip; <a href=\"https:\/\/www.ulusiada.pt\/clima\/ius-proprium-leis-gerais\/d-dinis\/lei-do-foro-e-asilo-eclesiastico\/\">Continuar a ler <span class=\"meta-nav\">&rarr;<\/span><\/a><\/p>\n","protected":false},"author":1,"featured_media":0,"parent":94,"menu_order":11,"comment_status":"closed","ping_status":"open","template":"lei-page.php","meta":[],"acf":[],"_links":{"self":[{"href":"https:\/\/www.ulusiada.pt\/clima\/wp-json\/wp\/v2\/pages\/1791"}],"collection":[{"href":"https:\/\/www.ulusiada.pt\/clima\/wp-json\/wp\/v2\/pages"}],"about":[{"href":"https:\/\/www.ulusiada.pt\/clima\/wp-json\/wp\/v2\/types\/page"}],"author":[{"embeddable":true,"href":"https:\/\/www.ulusiada.pt\/clima\/wp-json\/wp\/v2\/users\/1"}],"replies":[{"embeddable":true,"href":"https:\/\/www.ulusiada.pt\/clima\/wp-json\/wp\/v2\/comments?post=1791"}],"version-history":[{"count":5,"href":"https:\/\/www.ulusiada.pt\/clima\/wp-json\/wp\/v2\/pages\/1791\/revisions"}],"predecessor-version":[{"id":1793,"href":"https:\/\/www.ulusiada.pt\/clima\/wp-json\/wp\/v2\/pages\/1791\/revisions\/1793"}],"up":[{"embeddable":true,"href":"https:\/\/www.ulusiada.pt\/clima\/wp-json\/wp\/v2\/pages\/94"}],"wp:attachment":[{"href":"https:\/\/www.ulusiada.pt\/clima\/wp-json\/wp\/v2\/media?parent=1791"}],"curies":[{"name":"wp","href":"https:\/\/api.w.org\/{rel}","templated":true}]}}