{"id":1794,"date":"2012-07-14T14:54:20","date_gmt":"2012-07-14T14:54:20","guid":{"rendered":"http:\/\/www.ulusiada.pt\/clima\/?page_id=1794"},"modified":"2012-07-14T14:55:52","modified_gmt":"2012-07-14T14:55:52","slug":"lei-das-aves-alheia","status":"publish","type":"page","link":"https:\/\/www.ulusiada.pt\/clima\/ius-proprium-leis-gerais\/d-dinis\/lei-das-aves-alheia\/","title":{"rendered":"Lei das aves alheias"},"content":{"rendered":"<p>Lei que estabelece pena \u00e0quele que, achando ave alheia (falc\u00e3o, a\u00e7or, gavi\u00e3o ou outra ave de valor), n\u00e3o a apregoar no concelho e vila e devolver ao seu dono<\/p>\n","protected":false},"excerpt":{"rendered":"<p>Lei que estabelece pena \u00e0quele que, achando ave alheia (falc\u00e3o, a\u00e7or, gavi\u00e3o ou outra ave de valor), n\u00e3o a apregoar no concelho e vila e devolver ao seu dono<\/p>\n","protected":false},"author":1,"featured_media":0,"parent":94,"menu_order":12,"comment_status":"closed","ping_status":"open","template":"lei-page.php","meta":[],"acf":[],"_links":{"self":[{"href":"https:\/\/www.ulusiada.pt\/clima\/wp-json\/wp\/v2\/pages\/1794"}],"collection":[{"href":"https:\/\/www.ulusiada.pt\/clima\/wp-json\/wp\/v2\/pages"}],"about":[{"href":"https:\/\/www.ulusiada.pt\/clima\/wp-json\/wp\/v2\/types\/page"}],"author":[{"embeddable":true,"href":"https:\/\/www.ulusiada.pt\/clima\/wp-json\/wp\/v2\/users\/1"}],"replies":[{"embeddable":true,"href":"https:\/\/www.ulusiada.pt\/clima\/wp-json\/wp\/v2\/comments?post=1794"}],"version-history":[{"count":4,"href":"https:\/\/www.ulusiada.pt\/clima\/wp-json\/wp\/v2\/pages\/1794\/revisions"}],"predecessor-version":[{"id":1796,"href":"https:\/\/www.ulusiada.pt\/clima\/wp-json\/wp\/v2\/pages\/1794\/revisions\/1796"}],"up":[{"embeddable":true,"href":"https:\/\/www.ulusiada.pt\/clima\/wp-json\/wp\/v2\/pages\/94"}],"wp:attachment":[{"href":"https:\/\/www.ulusiada.pt\/clima\/wp-json\/wp\/v2\/media?parent=1794"}],"curies":[{"name":"wp","href":"https:\/\/api.w.org\/{rel}","templated":true}]}}