{"id":1800,"date":"2012-07-14T15:22:47","date_gmt":"2012-07-14T15:22:47","guid":{"rendered":"http:\/\/www.ulusiada.pt\/clima\/?page_id=1800"},"modified":"2012-07-14T16:48:15","modified_gmt":"2012-07-14T16:48:15","slug":"lei-das-honrras","status":"publish","type":"page","link":"https:\/\/www.ulusiada.pt\/clima\/ius-proprium-leis-gerais\/d-dinis\/lei-das-honrras\/","title":{"rendered":"Lei das honrras"},"content":{"rendered":"<p>Carta para se n\u00e3o criar fidalgo, nem pela sua cria\u00e7\u00e3o ser honrado lugar onde El-Rei tenha algum direito; nem lugar algum fique honrado pela cria\u00e7\u00e3o de filho ileg\u00edtimo.<\/p>\n","protected":false},"excerpt":{"rendered":"<p>Carta para se n\u00e3o criar fidalgo, nem pela sua cria\u00e7\u00e3o ser honrado lugar onde El-Rei tenha algum direito; nem lugar algum fique honrado pela cria\u00e7\u00e3o de filho ileg\u00edtimo.<\/p>\n","protected":false},"author":1,"featured_media":0,"parent":94,"menu_order":13,"comment_status":"closed","ping_status":"open","template":"lei-page.php","meta":[],"acf":[],"_links":{"self":[{"href":"https:\/\/www.ulusiada.pt\/clima\/wp-json\/wp\/v2\/pages\/1800"}],"collection":[{"href":"https:\/\/www.ulusiada.pt\/clima\/wp-json\/wp\/v2\/pages"}],"about":[{"href":"https:\/\/www.ulusiada.pt\/clima\/wp-json\/wp\/v2\/types\/page"}],"author":[{"embeddable":true,"href":"https:\/\/www.ulusiada.pt\/clima\/wp-json\/wp\/v2\/users\/1"}],"replies":[{"embeddable":true,"href":"https:\/\/www.ulusiada.pt\/clima\/wp-json\/wp\/v2\/comments?post=1800"}],"version-history":[{"count":5,"href":"https:\/\/www.ulusiada.pt\/clima\/wp-json\/wp\/v2\/pages\/1800\/revisions"}],"predecessor-version":[{"id":1802,"href":"https:\/\/www.ulusiada.pt\/clima\/wp-json\/wp\/v2\/pages\/1800\/revisions\/1802"}],"up":[{"embeddable":true,"href":"https:\/\/www.ulusiada.pt\/clima\/wp-json\/wp\/v2\/pages\/94"}],"wp:attachment":[{"href":"https:\/\/www.ulusiada.pt\/clima\/wp-json\/wp\/v2\/media?parent=1800"}],"curies":[{"name":"wp","href":"https:\/\/api.w.org\/{rel}","templated":true}]}}