{"id":1805,"date":"2012-07-14T16:24:45","date_gmt":"2012-07-14T16:24:45","guid":{"rendered":"http:\/\/www.ulusiada.pt\/clima\/?page_id=1805"},"modified":"2012-08-23T11:35:49","modified_gmt":"2012-08-23T11:35:49","slug":"lei-da-desamortizacao-3","status":"publish","type":"page","link":"https:\/\/www.ulusiada.pt\/clima\/ius-proprium-leis-gerais\/d-dinis\/lei-da-desamortizacao-3\/","title":{"rendered":"Lei da desamortiza\u00e7\u00e3o"},"content":{"rendered":"<p>Lei que pro\u00edbe \u00e0s igrejas e mosteiros herdarem os bens de ra\u00edz dos seus professos, estipulando a venda das assim adquiridas.<\/p>\n","protected":false},"excerpt":{"rendered":"<p>Lei que pro\u00edbe \u00e0s igrejas e mosteiros herdarem os bens de ra\u00edz dos seus professos, estipulando a venda das assim adquiridas.<\/p>\n","protected":false},"author":1,"featured_media":0,"parent":94,"menu_order":14,"comment_status":"closed","ping_status":"open","template":"lei-page.php","meta":[],"acf":[],"_links":{"self":[{"href":"https:\/\/www.ulusiada.pt\/clima\/wp-json\/wp\/v2\/pages\/1805"}],"collection":[{"href":"https:\/\/www.ulusiada.pt\/clima\/wp-json\/wp\/v2\/pages"}],"about":[{"href":"https:\/\/www.ulusiada.pt\/clima\/wp-json\/wp\/v2\/types\/page"}],"author":[{"embeddable":true,"href":"https:\/\/www.ulusiada.pt\/clima\/wp-json\/wp\/v2\/users\/1"}],"replies":[{"embeddable":true,"href":"https:\/\/www.ulusiada.pt\/clima\/wp-json\/wp\/v2\/comments?post=1805"}],"version-history":[{"count":10,"href":"https:\/\/www.ulusiada.pt\/clima\/wp-json\/wp\/v2\/pages\/1805\/revisions"}],"predecessor-version":[{"id":1807,"href":"https:\/\/www.ulusiada.pt\/clima\/wp-json\/wp\/v2\/pages\/1805\/revisions\/1807"}],"up":[{"embeddable":true,"href":"https:\/\/www.ulusiada.pt\/clima\/wp-json\/wp\/v2\/pages\/94"}],"wp:attachment":[{"href":"https:\/\/www.ulusiada.pt\/clima\/wp-json\/wp\/v2\/media?parent=1805"}],"curies":[{"name":"wp","href":"https:\/\/api.w.org\/{rel}","templated":true}]}}