{"id":1809,"date":"2012-07-14T16:47:32","date_gmt":"2012-07-14T16:47:32","guid":{"rendered":"http:\/\/www.ulusiada.pt\/clima\/?page_id=1809"},"modified":"2012-07-14T16:47:49","modified_gmt":"2012-07-14T16:47:49","slug":"lei-das-dividas-cruzada","status":"publish","type":"page","link":"https:\/\/www.ulusiada.pt\/clima\/ius-proprium-leis-gerais\/d-dinis\/lei-das-dividas-cruzada\/","title":{"rendered":"Lei das d\u00edvidas Cruzada"},"content":{"rendered":"<p>Lei para que se n\u00e3o leve usura das d\u00edvidas daqueles que v\u00e3o \u00e0 Cruzada (feita em observ\u00e2ncia da bula do Papa).<\/p>\n","protected":false},"excerpt":{"rendered":"<p>Lei para que se n\u00e3o leve usura das d\u00edvidas daqueles que v\u00e3o \u00e0 Cruzada (feita em observ\u00e2ncia da bula do Papa).<\/p>\n","protected":false},"author":1,"featured_media":0,"parent":94,"menu_order":15,"comment_status":"closed","ping_status":"open","template":"lei-page.php","meta":[],"acf":[],"_links":{"self":[{"href":"https:\/\/www.ulusiada.pt\/clima\/wp-json\/wp\/v2\/pages\/1809"}],"collection":[{"href":"https:\/\/www.ulusiada.pt\/clima\/wp-json\/wp\/v2\/pages"}],"about":[{"href":"https:\/\/www.ulusiada.pt\/clima\/wp-json\/wp\/v2\/types\/page"}],"author":[{"embeddable":true,"href":"https:\/\/www.ulusiada.pt\/clima\/wp-json\/wp\/v2\/users\/1"}],"replies":[{"embeddable":true,"href":"https:\/\/www.ulusiada.pt\/clima\/wp-json\/wp\/v2\/comments?post=1809"}],"version-history":[{"count":3,"href":"https:\/\/www.ulusiada.pt\/clima\/wp-json\/wp\/v2\/pages\/1809\/revisions"}],"predecessor-version":[{"id":1811,"href":"https:\/\/www.ulusiada.pt\/clima\/wp-json\/wp\/v2\/pages\/1809\/revisions\/1811"}],"up":[{"embeddable":true,"href":"https:\/\/www.ulusiada.pt\/clima\/wp-json\/wp\/v2\/pages\/94"}],"wp:attachment":[{"href":"https:\/\/www.ulusiada.pt\/clima\/wp-json\/wp\/v2\/media?parent=1809"}],"curies":[{"name":"wp","href":"https:\/\/api.w.org\/{rel}","templated":true}]}}