{"id":1814,"date":"2012-07-14T17:13:56","date_gmt":"2012-07-14T17:13:56","guid":{"rendered":"http:\/\/www.ulusiada.pt\/clima\/?page_id=1814"},"modified":"2012-07-14T17:14:58","modified_gmt":"2012-07-14T17:14:58","slug":"lei-das-naus","status":"publish","type":"page","link":"https:\/\/www.ulusiada.pt\/clima\/ius-proprium-leis-gerais\/d-dinis\/lei-das-naus\/","title":{"rendered":"Lei das naus"},"content":{"rendered":"<p>Carta de confirma\u00e7\u00e3o de certa postura feita entre os mercadores portugueses, em virtude da qual <em>(i)<\/em> todas as barcas de mais de 100 ton\u00e9is, que carregassem nos portos do reino para Flandres, Inglaterra, Normandia, Bretanha e Arrochela, pagariam 20 soldos de estrelins, no frete; as de menos de 100 ton\u00e9is pagariam 10 soldos; <em>(ii)<\/em> as barcas fretadas por mercadores portugueses para al\u00e9m mar, Sevilha, ou outras partes, e que fossem para Flandres e lugares acima indicados, pagariam nos termos referidos.<\/p>\n","protected":false},"excerpt":{"rendered":"<p>Carta de confirma\u00e7\u00e3o de certa postura feita entre os mercadores portugueses, em virtude da qual (i) todas as barcas de mais de 100 ton\u00e9is, que carregassem nos portos do reino para Flandres, Inglaterra, Normandia, Bretanha e Arrochela, pagariam 20 soldos &hellip; <a href=\"https:\/\/www.ulusiada.pt\/clima\/ius-proprium-leis-gerais\/d-dinis\/lei-das-naus\/\">Continuar a ler <span class=\"meta-nav\">&rarr;<\/span><\/a><\/p>\n","protected":false},"author":1,"featured_media":0,"parent":94,"menu_order":16,"comment_status":"closed","ping_status":"open","template":"lei-page.php","meta":[],"acf":[],"_links":{"self":[{"href":"https:\/\/www.ulusiada.pt\/clima\/wp-json\/wp\/v2\/pages\/1814"}],"collection":[{"href":"https:\/\/www.ulusiada.pt\/clima\/wp-json\/wp\/v2\/pages"}],"about":[{"href":"https:\/\/www.ulusiada.pt\/clima\/wp-json\/wp\/v2\/types\/page"}],"author":[{"embeddable":true,"href":"https:\/\/www.ulusiada.pt\/clima\/wp-json\/wp\/v2\/users\/1"}],"replies":[{"embeddable":true,"href":"https:\/\/www.ulusiada.pt\/clima\/wp-json\/wp\/v2\/comments?post=1814"}],"version-history":[{"count":4,"href":"https:\/\/www.ulusiada.pt\/clima\/wp-json\/wp\/v2\/pages\/1814\/revisions"}],"predecessor-version":[{"id":1816,"href":"https:\/\/www.ulusiada.pt\/clima\/wp-json\/wp\/v2\/pages\/1814\/revisions\/1816"}],"up":[{"embeddable":true,"href":"https:\/\/www.ulusiada.pt\/clima\/wp-json\/wp\/v2\/pages\/94"}],"wp:attachment":[{"href":"https:\/\/www.ulusiada.pt\/clima\/wp-json\/wp\/v2\/media?parent=1814"}],"curies":[{"name":"wp","href":"https:\/\/api.w.org\/{rel}","templated":true}]}}