{"id":1820,"date":"2012-07-15T14:22:43","date_gmt":"2012-07-15T14:22:43","guid":{"rendered":"http:\/\/www.ulusiada.pt\/clima\/?page_id=1820"},"modified":"2012-08-28T17:50:13","modified_gmt":"2012-08-28T17:50:13","slug":"lei-do-testemunho-entre-cristaos-e-judeus","status":"publish","type":"page","link":"https:\/\/www.ulusiada.pt\/clima\/ius-proprium-leis-gerais\/d-dinis\/lei-do-testemunho-entre-cristaos-e-judeus\/","title":{"rendered":"Lei do testemunho entre crist\u00e3os e judeus"},"content":{"rendered":"<p>Lei sobre o testemunho de crist\u00e3o contra judeu, do pagamento de d\u00edvidas entre eles e o modo de se fazerem os contratos.<\/p>\n","protected":false},"excerpt":{"rendered":"<p>Lei sobre o testemunho de crist\u00e3o contra judeu, do pagamento de d\u00edvidas entre eles e o modo de se fazerem os contratos.<\/p>\n","protected":false},"author":1,"featured_media":0,"parent":94,"menu_order":17,"comment_status":"closed","ping_status":"open","template":"lei-page.php","meta":[],"acf":[],"_links":{"self":[{"href":"https:\/\/www.ulusiada.pt\/clima\/wp-json\/wp\/v2\/pages\/1820"}],"collection":[{"href":"https:\/\/www.ulusiada.pt\/clima\/wp-json\/wp\/v2\/pages"}],"about":[{"href":"https:\/\/www.ulusiada.pt\/clima\/wp-json\/wp\/v2\/types\/page"}],"author":[{"embeddable":true,"href":"https:\/\/www.ulusiada.pt\/clima\/wp-json\/wp\/v2\/users\/1"}],"replies":[{"embeddable":true,"href":"https:\/\/www.ulusiada.pt\/clima\/wp-json\/wp\/v2\/comments?post=1820"}],"version-history":[{"count":8,"href":"https:\/\/www.ulusiada.pt\/clima\/wp-json\/wp\/v2\/pages\/1820\/revisions"}],"predecessor-version":[{"id":1823,"href":"https:\/\/www.ulusiada.pt\/clima\/wp-json\/wp\/v2\/pages\/1820\/revisions\/1823"}],"up":[{"embeddable":true,"href":"https:\/\/www.ulusiada.pt\/clima\/wp-json\/wp\/v2\/pages\/94"}],"wp:attachment":[{"href":"https:\/\/www.ulusiada.pt\/clima\/wp-json\/wp\/v2\/media?parent=1820"}],"curies":[{"name":"wp","href":"https:\/\/api.w.org\/{rel}","templated":true}]}}