{"id":1832,"date":"2012-07-15T15:08:41","date_gmt":"2012-07-15T15:08:41","guid":{"rendered":"http:\/\/www.ulusiada.pt\/clima\/?page_id=1832"},"modified":"2012-08-23T11:40:01","modified_gmt":"2012-08-23T11:40:01","slug":"lei-da-desamortizacao-4","status":"publish","type":"page","link":"https:\/\/www.ulusiada.pt\/clima\/ius-proprium-leis-gerais\/d-dinis\/lei-da-desamortizacao-4\/","title":{"rendered":"Lei da desamortiza\u00e7\u00e3o"},"content":{"rendered":"<p>Lei com as clarifica\u00e7\u00f5es feitas \u00e0 sua lei anterior (<strong><a title=\"http:\/\/www.ulusiada.pt\/clima\/ius-proprium-leis-gerais\/d-dinis\/lei-da-desamortizacao-3\/?preview=true&amp;preview_id=1805&amp;preview_nonce=2353ee040f\" href=\"http:\/\/www.ulusiada.pt\/clima\/ius-proprium-leis-gerais\/d-dinis\/lei-da-desamortizacao-3\/?preview=true&amp;preview_id=1805&amp;preview_nonce=2353ee040f\" target=\"_blank\">1291-03-21 \u2013 Coimbra<\/a><\/strong>), que impunha que as herdades dos fidalgos que morressem professos n\u00e3o passassem aos mosteiros, estipulando a venda das que assim passarem.<\/p>\n","protected":false},"excerpt":{"rendered":"<p>Lei com as clarifica\u00e7\u00f5es feitas \u00e0 sua lei anterior (1291-03-21 \u2013 Coimbra), que impunha que as herdades dos fidalgos que morressem professos n\u00e3o passassem aos mosteiros, estipulando a venda das que assim passarem.<\/p>\n","protected":false},"author":1,"featured_media":0,"parent":94,"menu_order":20,"comment_status":"closed","ping_status":"open","template":"lei-page.php","meta":[],"acf":[],"_links":{"self":[{"href":"https:\/\/www.ulusiada.pt\/clima\/wp-json\/wp\/v2\/pages\/1832"}],"collection":[{"href":"https:\/\/www.ulusiada.pt\/clima\/wp-json\/wp\/v2\/pages"}],"about":[{"href":"https:\/\/www.ulusiada.pt\/clima\/wp-json\/wp\/v2\/types\/page"}],"author":[{"embeddable":true,"href":"https:\/\/www.ulusiada.pt\/clima\/wp-json\/wp\/v2\/users\/1"}],"replies":[{"embeddable":true,"href":"https:\/\/www.ulusiada.pt\/clima\/wp-json\/wp\/v2\/comments?post=1832"}],"version-history":[{"count":8,"href":"https:\/\/www.ulusiada.pt\/clima\/wp-json\/wp\/v2\/pages\/1832\/revisions"}],"predecessor-version":[{"id":1834,"href":"https:\/\/www.ulusiada.pt\/clima\/wp-json\/wp\/v2\/pages\/1832\/revisions\/1834"}],"up":[{"embeddable":true,"href":"https:\/\/www.ulusiada.pt\/clima\/wp-json\/wp\/v2\/pages\/94"}],"wp:attachment":[{"href":"https:\/\/www.ulusiada.pt\/clima\/wp-json\/wp\/v2\/media?parent=1832"}],"curies":[{"name":"wp","href":"https:\/\/api.w.org\/{rel}","templated":true}]}}