{"id":1888,"date":"2012-07-16T17:02:08","date_gmt":"2012-07-16T17:02:08","guid":{"rendered":"http:\/\/www.ulusiada.pt\/clima\/?page_id=1888"},"modified":"2015-08-14T14:22:54","modified_gmt":"2015-08-14T14:22:54","slug":"lei-da-prescricao-das-dividas","status":"publish","type":"page","link":"https:\/\/www.ulusiada.pt\/clima\/ius-proprium-leis-gerais\/d-dinis\/lei-da-prescricao-das-dividas\/","title":{"rendered":"Lei da prescri\u00e7\u00e3o das d\u00edvidas"},"content":{"rendered":"<p>Lei que estabelece a prescri\u00e7\u00e3o das d\u00edvidas que n\u00e3o sejam demandadas no prazo de dez anos, ap\u00f3s o seu vencimento.<\/p>\n","protected":false},"excerpt":{"rendered":"<p>Lei que estabelece a prescri\u00e7\u00e3o das d\u00edvidas que n\u00e3o sejam demandadas no prazo de dez anos, ap\u00f3s o seu vencimento.<\/p>\n","protected":false},"author":1,"featured_media":0,"parent":94,"menu_order":23,"comment_status":"closed","ping_status":"open","template":"lei-page.php","meta":[],"acf":[],"_links":{"self":[{"href":"https:\/\/www.ulusiada.pt\/clima\/wp-json\/wp\/v2\/pages\/1888"}],"collection":[{"href":"https:\/\/www.ulusiada.pt\/clima\/wp-json\/wp\/v2\/pages"}],"about":[{"href":"https:\/\/www.ulusiada.pt\/clima\/wp-json\/wp\/v2\/types\/page"}],"author":[{"embeddable":true,"href":"https:\/\/www.ulusiada.pt\/clima\/wp-json\/wp\/v2\/users\/1"}],"replies":[{"embeddable":true,"href":"https:\/\/www.ulusiada.pt\/clima\/wp-json\/wp\/v2\/comments?post=1888"}],"version-history":[{"count":6,"href":"https:\/\/www.ulusiada.pt\/clima\/wp-json\/wp\/v2\/pages\/1888\/revisions"}],"predecessor-version":[{"id":4713,"href":"https:\/\/www.ulusiada.pt\/clima\/wp-json\/wp\/v2\/pages\/1888\/revisions\/4713"}],"up":[{"embeddable":true,"href":"https:\/\/www.ulusiada.pt\/clima\/wp-json\/wp\/v2\/pages\/94"}],"wp:attachment":[{"href":"https:\/\/www.ulusiada.pt\/clima\/wp-json\/wp\/v2\/media?parent=1888"}],"curies":[{"name":"wp","href":"https:\/\/api.w.org\/{rel}","templated":true}]}}