{"id":1919,"date":"2012-07-18T11:15:23","date_gmt":"2012-07-18T11:15:23","guid":{"rendered":"http:\/\/www.ulusiada.pt\/clima\/?page_id=1919"},"modified":"2012-07-18T17:35:51","modified_gmt":"2012-07-18T17:35:51","slug":"lei-do-recurso-de-revista","status":"publish","type":"page","link":"https:\/\/www.ulusiada.pt\/clima\/ius-proprium-leis-gerais\/d-dinis\/lei-do-recurso-de-revista\/","title":{"rendered":"Lei do recurso de revista"},"content":{"rendered":"<p>Lei sobre as penas contra qualquer que pretenda fazer revogar as senten\u00e7as dadas e confirmadas com excep\u00e7\u00e3o dos casos em que haja falsidade de testemunhas ou instrumentos; declara que os que pedem revista dos feitos e senten\u00e7as r\u00e9gias paguem 500 soldos.<\/p>\n","protected":false},"excerpt":{"rendered":"<p>Lei sobre as penas contra qualquer que pretenda fazer revogar as senten\u00e7as dadas e confirmadas com excep\u00e7\u00e3o dos casos em que haja falsidade de testemunhas ou instrumentos; declara que os que pedem revista dos feitos e senten\u00e7as r\u00e9gias paguem 500 &hellip; <a href=\"https:\/\/www.ulusiada.pt\/clima\/ius-proprium-leis-gerais\/d-dinis\/lei-do-recurso-de-revista\/\">Continuar a ler <span class=\"meta-nav\">&rarr;<\/span><\/a><\/p>\n","protected":false},"author":1,"featured_media":0,"parent":94,"menu_order":28,"comment_status":"closed","ping_status":"open","template":"lei-page.php","meta":[],"acf":[],"_links":{"self":[{"href":"https:\/\/www.ulusiada.pt\/clima\/wp-json\/wp\/v2\/pages\/1919"}],"collection":[{"href":"https:\/\/www.ulusiada.pt\/clima\/wp-json\/wp\/v2\/pages"}],"about":[{"href":"https:\/\/www.ulusiada.pt\/clima\/wp-json\/wp\/v2\/types\/page"}],"author":[{"embeddable":true,"href":"https:\/\/www.ulusiada.pt\/clima\/wp-json\/wp\/v2\/users\/1"}],"replies":[{"embeddable":true,"href":"https:\/\/www.ulusiada.pt\/clima\/wp-json\/wp\/v2\/comments?post=1919"}],"version-history":[{"count":6,"href":"https:\/\/www.ulusiada.pt\/clima\/wp-json\/wp\/v2\/pages\/1919\/revisions"}],"predecessor-version":[{"id":1921,"href":"https:\/\/www.ulusiada.pt\/clima\/wp-json\/wp\/v2\/pages\/1919\/revisions\/1921"}],"up":[{"embeddable":true,"href":"https:\/\/www.ulusiada.pt\/clima\/wp-json\/wp\/v2\/pages\/94"}],"wp:attachment":[{"href":"https:\/\/www.ulusiada.pt\/clima\/wp-json\/wp\/v2\/media?parent=1919"}],"curies":[{"name":"wp","href":"https:\/\/api.w.org\/{rel}","templated":true}]}}