{"id":1924,"date":"2012-07-18T11:32:48","date_gmt":"2012-07-18T11:32:48","guid":{"rendered":"http:\/\/www.ulusiada.pt\/clima\/?page_id=1924"},"modified":"2012-07-18T11:33:23","modified_gmt":"2012-07-18T11:33:23","slug":"lei-do-recurso-de-suplicacao","status":"publish","type":"page","link":"https:\/\/www.ulusiada.pt\/clima\/ius-proprium-leis-gerais\/d-dinis\/lei-do-recurso-de-suplicacao\/","title":{"rendered":"Lei do recurso de suplica\u00e7\u00e3o"},"content":{"rendered":"<p>Lei para que os ouvidores n\u00e3o mais curem do feito que passar por suplica\u00e7\u00e3o.<\/p>\n","protected":false},"excerpt":{"rendered":"<p>Lei para que os ouvidores n\u00e3o mais curem do feito que passar por suplica\u00e7\u00e3o.<\/p>\n","protected":false},"author":1,"featured_media":0,"parent":94,"menu_order":29,"comment_status":"closed","ping_status":"open","template":"lei-page.php","meta":[],"acf":[],"_links":{"self":[{"href":"https:\/\/www.ulusiada.pt\/clima\/wp-json\/wp\/v2\/pages\/1924"}],"collection":[{"href":"https:\/\/www.ulusiada.pt\/clima\/wp-json\/wp\/v2\/pages"}],"about":[{"href":"https:\/\/www.ulusiada.pt\/clima\/wp-json\/wp\/v2\/types\/page"}],"author":[{"embeddable":true,"href":"https:\/\/www.ulusiada.pt\/clima\/wp-json\/wp\/v2\/users\/1"}],"replies":[{"embeddable":true,"href":"https:\/\/www.ulusiada.pt\/clima\/wp-json\/wp\/v2\/comments?post=1924"}],"version-history":[{"count":3,"href":"https:\/\/www.ulusiada.pt\/clima\/wp-json\/wp\/v2\/pages\/1924\/revisions"}],"predecessor-version":[{"id":1926,"href":"https:\/\/www.ulusiada.pt\/clima\/wp-json\/wp\/v2\/pages\/1924\/revisions\/1926"}],"up":[{"embeddable":true,"href":"https:\/\/www.ulusiada.pt\/clima\/wp-json\/wp\/v2\/pages\/94"}],"wp:attachment":[{"href":"https:\/\/www.ulusiada.pt\/clima\/wp-json\/wp\/v2\/media?parent=1924"}],"curies":[{"name":"wp","href":"https:\/\/api.w.org\/{rel}","templated":true}]}}