{"id":194,"date":"2012-03-16T14:01:04","date_gmt":"2012-03-16T14:01:04","guid":{"rendered":"http:\/\/www.ulusiada.pt\/clima\/?page_id=194"},"modified":"2013-09-28T12:41:12","modified_gmt":"2013-09-28T12:41:12","slug":"lei-dos-direitos-da-igreja","status":"publish","type":"page","link":"https:\/\/www.ulusiada.pt\/clima\/ius-proprium-leis-gerais\/d-afonso-ii\/lei-dos-direitos-da-igreja\/","title":{"rendered":"Lei dos direitos da Igreja"},"content":{"rendered":"<p>Preceito que, de alguma forma, regulamenta a rela\u00e7\u00e3o entre o Direito outorgado pelo monarca e o Direito can\u00f3nico.<\/p>\n","protected":false},"excerpt":{"rendered":"<p>Preceito que, de alguma forma, regulamenta a rela\u00e7\u00e3o entre o Direito outorgado pelo monarca e o Direito can\u00f3nico.<\/p>\n","protected":false},"author":1,"featured_media":0,"parent":78,"menu_order":2,"comment_status":"closed","ping_status":"closed","template":"lei-page.php","meta":[],"acf":[],"_links":{"self":[{"href":"https:\/\/www.ulusiada.pt\/clima\/wp-json\/wp\/v2\/pages\/194"}],"collection":[{"href":"https:\/\/www.ulusiada.pt\/clima\/wp-json\/wp\/v2\/pages"}],"about":[{"href":"https:\/\/www.ulusiada.pt\/clima\/wp-json\/wp\/v2\/types\/page"}],"author":[{"embeddable":true,"href":"https:\/\/www.ulusiada.pt\/clima\/wp-json\/wp\/v2\/users\/1"}],"replies":[{"embeddable":true,"href":"https:\/\/www.ulusiada.pt\/clima\/wp-json\/wp\/v2\/comments?post=194"}],"version-history":[{"count":5,"href":"https:\/\/www.ulusiada.pt\/clima\/wp-json\/wp\/v2\/pages\/194\/revisions"}],"predecessor-version":[{"id":1095,"href":"https:\/\/www.ulusiada.pt\/clima\/wp-json\/wp\/v2\/pages\/194\/revisions\/1095"}],"up":[{"embeddable":true,"href":"https:\/\/www.ulusiada.pt\/clima\/wp-json\/wp\/v2\/pages\/78"}],"wp:attachment":[{"href":"https:\/\/www.ulusiada.pt\/clima\/wp-json\/wp\/v2\/media?parent=194"}],"curies":[{"name":"wp","href":"https:\/\/api.w.org\/{rel}","templated":true}]}}