{"id":1999,"date":"2012-08-21T18:08:25","date_gmt":"2012-08-21T18:08:25","guid":{"rendered":"http:\/\/www.ulusiada.pt\/clima\/?page_id=1999"},"modified":"2012-08-21T18:10:10","modified_gmt":"2012-08-21T18:10:10","slug":"lei-dos-cavaleiros","status":"publish","type":"page","link":"https:\/\/www.ulusiada.pt\/clima\/ius-proprium-leis-gerais\/d-dinis\/lei-dos-cavaleiros\/","title":{"rendered":"Lei dos cavaleiros"},"content":{"rendered":"<p>Lei que estabelece que s\u00f3 o rei possa fazer cavaleiros, n\u00e3o podendo gozar das honras de cavaleiros os que n\u00e3o forem armados ou feitos por autoridade r\u00e9gia.<\/p>\n","protected":false},"excerpt":{"rendered":"<p>Lei que estabelece que s\u00f3 o rei possa fazer cavaleiros, n\u00e3o podendo gozar das honras de cavaleiros os que n\u00e3o forem armados ou feitos por autoridade r\u00e9gia.<\/p>\n","protected":false},"author":1,"featured_media":0,"parent":94,"menu_order":43,"comment_status":"closed","ping_status":"open","template":"lei-page.php","meta":[],"acf":[],"_links":{"self":[{"href":"https:\/\/www.ulusiada.pt\/clima\/wp-json\/wp\/v2\/pages\/1999"}],"collection":[{"href":"https:\/\/www.ulusiada.pt\/clima\/wp-json\/wp\/v2\/pages"}],"about":[{"href":"https:\/\/www.ulusiada.pt\/clima\/wp-json\/wp\/v2\/types\/page"}],"author":[{"embeddable":true,"href":"https:\/\/www.ulusiada.pt\/clima\/wp-json\/wp\/v2\/users\/1"}],"replies":[{"embeddable":true,"href":"https:\/\/www.ulusiada.pt\/clima\/wp-json\/wp\/v2\/comments?post=1999"}],"version-history":[{"count":5,"href":"https:\/\/www.ulusiada.pt\/clima\/wp-json\/wp\/v2\/pages\/1999\/revisions"}],"predecessor-version":[{"id":2003,"href":"https:\/\/www.ulusiada.pt\/clima\/wp-json\/wp\/v2\/pages\/1999\/revisions\/2003"}],"up":[{"embeddable":true,"href":"https:\/\/www.ulusiada.pt\/clima\/wp-json\/wp\/v2\/pages\/94"}],"wp:attachment":[{"href":"https:\/\/www.ulusiada.pt\/clima\/wp-json\/wp\/v2\/media?parent=1999"}],"curies":[{"name":"wp","href":"https:\/\/api.w.org\/{rel}","templated":true}]}}