{"id":2,"date":"2012-02-10T11:20:25","date_gmt":"2012-02-10T11:20:25","guid":{"rendered":"http:\/\/www.ulusiada.pt\/clima\/?page_id=2"},"modified":"2023-03-06T15:45:57","modified_gmt":"2023-03-06T15:45:57","slug":"pagina-exemplo","status":"publish","type":"page","link":"https:\/\/www.ulusiada.pt\/clima\/pagina-exemplo\/","title":{"rendered":"PROJECTO"},"content":{"rendered":"<p>O projecto CLIMA (Corpus Legislativo da Idade M\u00e9dia Anotado) pretende divulgar o <em>corpus<\/em> das fontes jur\u00eddicas medievais portuguesas que chegaram at\u00e9 aos nossos dias e representam o <em>substractum<\/em> do Direito portugu\u00eas atual, criando, em simult\u00e2neo, uma ferramenta interativa que permita a aproxima\u00e7\u00e3o dos investigadores em torno desta tem\u00e1tica.<\/p>\n<p>Numa primeira fase far-se-\u00e1 apenas um invent\u00e1rio (data\/local\/sum\u00e1rio) com as respetivas fontes arquiv\u00edsticas, impressas e digitais das leis dos monarcas portugueses conhecidas, desde D. Afonso Henriques at\u00e9 \u00e0 edi\u00e7\u00e3o definitiva das <em>Ordena\u00e7\u00f5es Manuelinas<\/em> (1521). A partir desse momento fica aberta a possibilidade de os investigadores efetuarem os seus pr\u00f3prios coment\u00e1rios a essas leis, enviados a uma comiss\u00e3o revisora.<\/p>\n<p>Pouco a pouco ser\u00e3o disponibilizados os textos das fontes inventariadas. S\u00f3 o conhecimento desses textos na \u00edntegra nos permite avan\u00e7ar, paulatinamente, na pir\u00e2mide do conhecimento da <em>Juris-Hist\u00f3ria<\/em>. Sendo certo que uma mesma lei ao surgir nos mais dispares contextos, para al\u00e9m do seu conte\u00fado normativizador, fornece inestim\u00e1veis ind\u00edcios para futuras ila\u00e7\u00f5es e teorias cient\u00edficas.<\/p>\n<p>Fica em aberto o alargamento a outras fontes de <em>ius proprium<\/em>, bem como \u00e0s fontes de <em>ius commune<\/em>.<\/p>\n","protected":false},"excerpt":{"rendered":"<p>O projecto CLIMA (Corpus Legislativo da Idade M\u00e9dia Anotado) pretende divulgar o corpus das fontes jur\u00eddicas medievais portuguesas que chegaram at\u00e9 aos nossos dias e representam o substractum do Direito portugu\u00eas atual, criando, em simult\u00e2neo, uma ferramenta interativa que permita &hellip; <a href=\"https:\/\/www.ulusiada.pt\/clima\/pagina-exemplo\/\">Continuar a ler <span class=\"meta-nav\">&rarr;<\/span><\/a><\/p>\n","protected":false},"author":1,"featured_media":53,"parent":0,"menu_order":30,"comment_status":"closed","ping_status":"closed","template":"sidebar-page.php","meta":[],"acf":[],"_links":{"self":[{"href":"https:\/\/www.ulusiada.pt\/clima\/wp-json\/wp\/v2\/pages\/2"}],"collection":[{"href":"https:\/\/www.ulusiada.pt\/clima\/wp-json\/wp\/v2\/pages"}],"about":[{"href":"https:\/\/www.ulusiada.pt\/clima\/wp-json\/wp\/v2\/types\/page"}],"author":[{"embeddable":true,"href":"https:\/\/www.ulusiada.pt\/clima\/wp-json\/wp\/v2\/users\/1"}],"replies":[{"embeddable":true,"href":"https:\/\/www.ulusiada.pt\/clima\/wp-json\/wp\/v2\/comments?post=2"}],"version-history":[{"count":2,"href":"https:\/\/www.ulusiada.pt\/clima\/wp-json\/wp\/v2\/pages\/2\/revisions"}],"predecessor-version":[{"id":656,"href":"https:\/\/www.ulusiada.pt\/clima\/wp-json\/wp\/v2\/pages\/2\/revisions\/656"}],"wp:featuredmedia":[{"embeddable":true,"href":"https:\/\/www.ulusiada.pt\/clima\/wp-json\/wp\/v2\/media\/53"}],"wp:attachment":[{"href":"https:\/\/www.ulusiada.pt\/clima\/wp-json\/wp\/v2\/media?parent=2"}],"curies":[{"name":"wp","href":"https:\/\/api.w.org\/{rel}","templated":true}]}}