{"id":2018,"date":"2012-08-22T11:12:48","date_gmt":"2012-08-22T11:12:48","guid":{"rendered":"http:\/\/www.ulusiada.pt\/clima\/?page_id=2018"},"modified":"2012-08-22T11:12:58","modified_gmt":"2012-08-22T11:12:58","slug":"lei-da-desamortizacao-5","status":"publish","type":"page","link":"https:\/\/www.ulusiada.pt\/clima\/ius-proprium-leis-gerais\/d-dinis\/lei-da-desamortizacao-5\/","title":{"rendered":"Lei da desamortiza\u00e7\u00e3o"},"content":{"rendered":"<p>Lei contra a compra encoberta de bens de raiz pelos mosteiros, igrejas e cl\u00e9rigos.<\/p>\n","protected":false},"excerpt":{"rendered":"<p>Lei contra a compra encoberta de bens de raiz pelos mosteiros, igrejas e cl\u00e9rigos.<\/p>\n","protected":false},"author":1,"featured_media":0,"parent":94,"menu_order":46,"comment_status":"closed","ping_status":"open","template":"lei-page.php","meta":[],"acf":[],"_links":{"self":[{"href":"https:\/\/www.ulusiada.pt\/clima\/wp-json\/wp\/v2\/pages\/2018"}],"collection":[{"href":"https:\/\/www.ulusiada.pt\/clima\/wp-json\/wp\/v2\/pages"}],"about":[{"href":"https:\/\/www.ulusiada.pt\/clima\/wp-json\/wp\/v2\/types\/page"}],"author":[{"embeddable":true,"href":"https:\/\/www.ulusiada.pt\/clima\/wp-json\/wp\/v2\/users\/1"}],"replies":[{"embeddable":true,"href":"https:\/\/www.ulusiada.pt\/clima\/wp-json\/wp\/v2\/comments?post=2018"}],"version-history":[{"count":3,"href":"https:\/\/www.ulusiada.pt\/clima\/wp-json\/wp\/v2\/pages\/2018\/revisions"}],"predecessor-version":[{"id":2021,"href":"https:\/\/www.ulusiada.pt\/clima\/wp-json\/wp\/v2\/pages\/2018\/revisions\/2021"}],"up":[{"embeddable":true,"href":"https:\/\/www.ulusiada.pt\/clima\/wp-json\/wp\/v2\/pages\/94"}],"wp:attachment":[{"href":"https:\/\/www.ulusiada.pt\/clima\/wp-json\/wp\/v2\/media?parent=2018"}],"curies":[{"name":"wp","href":"https:\/\/api.w.org\/{rel}","templated":true}]}}