{"id":2028,"date":"2012-08-22T13:02:29","date_gmt":"2012-08-22T13:02:29","guid":{"rendered":"http:\/\/www.ulusiada.pt\/clima\/?page_id=2028"},"modified":"2014-04-25T21:36:04","modified_gmt":"2014-04-25T21:36:04","slug":"lei-das-penas-dos-tabeliaes","status":"publish","type":"page","link":"https:\/\/www.ulusiada.pt\/clima\/ius-proprium-leis-gerais\/d-afonso-iv\/lei-das-penas-dos-tabeliaes\/","title":{"rendered":"Lei das penas dos tabeli\u00e3es"},"content":{"rendered":"<p>Lei que determina as penas a aplicar aos tabeli\u00e3es que n\u00e3o guardam a taxa estabelecida por lei de D. Dinis (<strong><a title=\"http:\/\/www.ulusiada.pt\/clima\/ius-proprium-leis-gerais\/d-dinis\/lei-dos-emolumentos-dos-tabeliaes\/?preview=true&amp;preview_id=1993&amp;preview_nonce=6850ff38f1\" href=\"http:\/\/www.ulusiada.pt\/clima\/ius-proprium-leis-gerais\/d-dinis\/lei-dos-emolumentos-dos-tabeliaes\/?preview=true&amp;preview_id=1993&amp;preview_nonce=6850ff38f1\" target=\"_blank\">1305-01-15 \u2013 Santar\u00e9m<\/a><\/strong>).<\/p>\n","protected":false},"excerpt":{"rendered":"<p>Lei que determina as penas a aplicar aos tabeli\u00e3es que n\u00e3o guardam a taxa estabelecida por lei de D. Dinis (1305-01-15 \u2013 Santar\u00e9m).<\/p>\n","protected":false},"author":1,"featured_media":0,"parent":99,"menu_order":9,"comment_status":"closed","ping_status":"open","template":"lei-page.php","meta":[],"acf":[],"_links":{"self":[{"href":"https:\/\/www.ulusiada.pt\/clima\/wp-json\/wp\/v2\/pages\/2028"}],"collection":[{"href":"https:\/\/www.ulusiada.pt\/clima\/wp-json\/wp\/v2\/pages"}],"about":[{"href":"https:\/\/www.ulusiada.pt\/clima\/wp-json\/wp\/v2\/types\/page"}],"author":[{"embeddable":true,"href":"https:\/\/www.ulusiada.pt\/clima\/wp-json\/wp\/v2\/users\/1"}],"replies":[{"embeddable":true,"href":"https:\/\/www.ulusiada.pt\/clima\/wp-json\/wp\/v2\/comments?post=2028"}],"version-history":[{"count":9,"href":"https:\/\/www.ulusiada.pt\/clima\/wp-json\/wp\/v2\/pages\/2028\/revisions"}],"predecessor-version":[{"id":2030,"href":"https:\/\/www.ulusiada.pt\/clima\/wp-json\/wp\/v2\/pages\/2028\/revisions\/2030"}],"up":[{"embeddable":true,"href":"https:\/\/www.ulusiada.pt\/clima\/wp-json\/wp\/v2\/pages\/99"}],"wp:attachment":[{"href":"https:\/\/www.ulusiada.pt\/clima\/wp-json\/wp\/v2\/media?parent=2028"}],"curies":[{"name":"wp","href":"https:\/\/api.w.org\/{rel}","templated":true}]}}