{"id":2045,"date":"2012-08-22T18:44:54","date_gmt":"2012-08-22T18:44:54","guid":{"rendered":"http:\/\/www.ulusiada.pt\/clima\/?page_id=2045"},"modified":"2012-08-23T14:52:01","modified_gmt":"2012-08-23T14:52:01","slug":"lei-das-inquiricoes-gerais","status":"publish","type":"page","link":"https:\/\/www.ulusiada.pt\/clima\/ius-proprium-leis-gerais\/d-dinis\/lei-das-inquiricoes-gerais\/","title":{"rendered":"Lei das inquiri\u00e7\u00f5es gerais"},"content":{"rendered":"<p>Lei como se h\u00e3o-de fazer as novas inquiri\u00e7\u00f5es aos coutos e honras, que el-rei manda tirar a Apar\u00edcio Gon\u00e7alves.<\/p>\n","protected":false},"excerpt":{"rendered":"<p>Lei como se h\u00e3o-de fazer as novas inquiri\u00e7\u00f5es aos coutos e honras, que el-rei manda tirar a Apar\u00edcio Gon\u00e7alves.<\/p>\n","protected":false},"author":1,"featured_media":0,"parent":94,"menu_order":50,"comment_status":"closed","ping_status":"open","template":"lei-page.php","meta":[],"acf":[],"_links":{"self":[{"href":"https:\/\/www.ulusiada.pt\/clima\/wp-json\/wp\/v2\/pages\/2045"}],"collection":[{"href":"https:\/\/www.ulusiada.pt\/clima\/wp-json\/wp\/v2\/pages"}],"about":[{"href":"https:\/\/www.ulusiada.pt\/clima\/wp-json\/wp\/v2\/types\/page"}],"author":[{"embeddable":true,"href":"https:\/\/www.ulusiada.pt\/clima\/wp-json\/wp\/v2\/users\/1"}],"replies":[{"embeddable":true,"href":"https:\/\/www.ulusiada.pt\/clima\/wp-json\/wp\/v2\/comments?post=2045"}],"version-history":[{"count":6,"href":"https:\/\/www.ulusiada.pt\/clima\/wp-json\/wp\/v2\/pages\/2045\/revisions"}],"predecessor-version":[{"id":2047,"href":"https:\/\/www.ulusiada.pt\/clima\/wp-json\/wp\/v2\/pages\/2045\/revisions\/2047"}],"up":[{"embeddable":true,"href":"https:\/\/www.ulusiada.pt\/clima\/wp-json\/wp\/v2\/pages\/94"}],"wp:attachment":[{"href":"https:\/\/www.ulusiada.pt\/clima\/wp-json\/wp\/v2\/media?parent=2045"}],"curies":[{"name":"wp","href":"https:\/\/api.w.org\/{rel}","templated":true}]}}