{"id":2083,"date":"2012-08-23T10:53:27","date_gmt":"2012-08-23T10:53:27","guid":{"rendered":"http:\/\/www.ulusiada.pt\/clima\/?page_id=2083"},"modified":"2012-08-23T10:53:27","modified_gmt":"2012-08-23T10:53:27","slug":"lei-da-renembranca","status":"publish","type":"page","link":"https:\/\/www.ulusiada.pt\/clima\/ius-proprium-leis-gerais\/d-dinis\/lei-da-renembranca\/","title":{"rendered":"Lei da renembran\u00e7a"},"content":{"rendered":"<p>Lei que pro\u00edbe selar <em>renembran\u00e7a<\/em> da audi\u00eancia, at\u00e9 que fosse lida entre as partes.<\/p>\n","protected":false},"excerpt":{"rendered":"<p>Lei que pro\u00edbe selar renembran\u00e7a da audi\u00eancia, at\u00e9 que fosse lida entre as partes.<\/p>\n","protected":false},"author":1,"featured_media":0,"parent":94,"menu_order":53,"comment_status":"closed","ping_status":"open","template":"lei-page.php","meta":[],"acf":[],"_links":{"self":[{"href":"https:\/\/www.ulusiada.pt\/clima\/wp-json\/wp\/v2\/pages\/2083"}],"collection":[{"href":"https:\/\/www.ulusiada.pt\/clima\/wp-json\/wp\/v2\/pages"}],"about":[{"href":"https:\/\/www.ulusiada.pt\/clima\/wp-json\/wp\/v2\/types\/page"}],"author":[{"embeddable":true,"href":"https:\/\/www.ulusiada.pt\/clima\/wp-json\/wp\/v2\/users\/1"}],"replies":[{"embeddable":true,"href":"https:\/\/www.ulusiada.pt\/clima\/wp-json\/wp\/v2\/comments?post=2083"}],"version-history":[{"count":2,"href":"https:\/\/www.ulusiada.pt\/clima\/wp-json\/wp\/v2\/pages\/2083\/revisions"}],"predecessor-version":[{"id":2085,"href":"https:\/\/www.ulusiada.pt\/clima\/wp-json\/wp\/v2\/pages\/2083\/revisions\/2085"}],"up":[{"embeddable":true,"href":"https:\/\/www.ulusiada.pt\/clima\/wp-json\/wp\/v2\/pages\/94"}],"wp:attachment":[{"href":"https:\/\/www.ulusiada.pt\/clima\/wp-json\/wp\/v2\/media?parent=2083"}],"curies":[{"name":"wp","href":"https:\/\/api.w.org\/{rel}","templated":true}]}}