{"id":2098,"date":"2012-08-23T11:57:16","date_gmt":"2012-08-23T11:57:16","guid":{"rendered":"http:\/\/www.ulusiada.pt\/clima\/?page_id=2098"},"modified":"2013-09-28T12:38:58","modified_gmt":"2013-09-28T12:38:58","slug":"lei-do-foro-eclesiastico","status":"publish","type":"page","link":"https:\/\/www.ulusiada.pt\/clima\/ius-proprium-leis-gerais\/d-dinis\/lei-do-foro-eclesiastico\/","title":{"rendered":"Lei do foro eclesi\u00e1stico"},"content":{"rendered":"<p>Lei sobre direitos e deveres dos cl\u00e9rigos no exerc\u00edcio de jurisdi\u00e7\u00e3o eclesi\u00e1stica e sua demarca\u00e7\u00e3o em v\u00e1rios casos com a jurisdi\u00e7\u00e3o temporal.<\/p>\n","protected":false},"excerpt":{"rendered":"<p>Lei sobre direitos e deveres dos cl\u00e9rigos no exerc\u00edcio de jurisdi\u00e7\u00e3o eclesi\u00e1stica e sua demarca\u00e7\u00e3o em v\u00e1rios casos com a jurisdi\u00e7\u00e3o temporal.<\/p>\n","protected":false},"author":1,"featured_media":0,"parent":94,"menu_order":56,"comment_status":"closed","ping_status":"open","template":"lei-page.php","meta":[],"acf":[],"_links":{"self":[{"href":"https:\/\/www.ulusiada.pt\/clima\/wp-json\/wp\/v2\/pages\/2098"}],"collection":[{"href":"https:\/\/www.ulusiada.pt\/clima\/wp-json\/wp\/v2\/pages"}],"about":[{"href":"https:\/\/www.ulusiada.pt\/clima\/wp-json\/wp\/v2\/types\/page"}],"author":[{"embeddable":true,"href":"https:\/\/www.ulusiada.pt\/clima\/wp-json\/wp\/v2\/users\/1"}],"replies":[{"embeddable":true,"href":"https:\/\/www.ulusiada.pt\/clima\/wp-json\/wp\/v2\/comments?post=2098"}],"version-history":[{"count":5,"href":"https:\/\/www.ulusiada.pt\/clima\/wp-json\/wp\/v2\/pages\/2098\/revisions"}],"predecessor-version":[{"id":2100,"href":"https:\/\/www.ulusiada.pt\/clima\/wp-json\/wp\/v2\/pages\/2098\/revisions\/2100"}],"up":[{"embeddable":true,"href":"https:\/\/www.ulusiada.pt\/clima\/wp-json\/wp\/v2\/pages\/94"}],"wp:attachment":[{"href":"https:\/\/www.ulusiada.pt\/clima\/wp-json\/wp\/v2\/media?parent=2098"}],"curies":[{"name":"wp","href":"https:\/\/api.w.org\/{rel}","templated":true}]}}