{"id":2136,"date":"2012-08-23T14:49:54","date_gmt":"2012-08-23T14:49:54","guid":{"rendered":"http:\/\/www.ulusiada.pt\/clima\/?page_id=2136"},"modified":"2012-08-24T10:55:46","modified_gmt":"2012-08-24T10:55:46","slug":"lei-das-inquiricoes-gerais-2","status":"publish","type":"page","link":"https:\/\/www.ulusiada.pt\/clima\/ius-proprium-leis-gerais\/d-dinis\/lei-das-inquiricoes-gerais-2\/","title":{"rendered":"Lei das inquiri\u00e7\u00f5es gerais"},"content":{"rendered":"<p>Sobre a inquiri\u00e7\u00e3o que D. Dinis Mandou fazer, a prop\u00f3sito das honras e coutos que, indevidamente, faziam os fidalgos. Transcreve a lei de <strong><a title=\"http:\/\/www.ulusiada.pt\/clima\/ius-proprium-leis-gerais\/d-dinis\/lei-das-inquiricoes-gerais\/?preview=true&amp;preview_id=2045&amp;preview_nonce=0e4d39fa1f\" href=\"http:\/\/www.ulusiada.pt\/clima\/ius-proprium-leis-gerais\/d-dinis\/lei-das-inquiricoes-gerais\/?preview=true&amp;preview_id=2045&amp;preview_nonce=0e4d39fa1f\" target=\"_blank\">1308-10-20 \u2013 Coimbra<\/a><\/strong>.<\/p>\n","protected":false},"excerpt":{"rendered":"<p>Sobre a inquiri\u00e7\u00e3o que D. Dinis Mandou fazer, a prop\u00f3sito das honras e coutos que, indevidamente, faziam os fidalgos. Transcreve a lei de 1308-10-20 \u2013 Coimbra.<\/p>\n","protected":false},"author":1,"featured_media":0,"parent":94,"menu_order":62,"comment_status":"closed","ping_status":"open","template":"lei-page.php","meta":[],"acf":[],"_links":{"self":[{"href":"https:\/\/www.ulusiada.pt\/clima\/wp-json\/wp\/v2\/pages\/2136"}],"collection":[{"href":"https:\/\/www.ulusiada.pt\/clima\/wp-json\/wp\/v2\/pages"}],"about":[{"href":"https:\/\/www.ulusiada.pt\/clima\/wp-json\/wp\/v2\/types\/page"}],"author":[{"embeddable":true,"href":"https:\/\/www.ulusiada.pt\/clima\/wp-json\/wp\/v2\/users\/1"}],"replies":[{"embeddable":true,"href":"https:\/\/www.ulusiada.pt\/clima\/wp-json\/wp\/v2\/comments?post=2136"}],"version-history":[{"count":9,"href":"https:\/\/www.ulusiada.pt\/clima\/wp-json\/wp\/v2\/pages\/2136\/revisions"}],"predecessor-version":[{"id":2139,"href":"https:\/\/www.ulusiada.pt\/clima\/wp-json\/wp\/v2\/pages\/2136\/revisions\/2139"}],"up":[{"embeddable":true,"href":"https:\/\/www.ulusiada.pt\/clima\/wp-json\/wp\/v2\/pages\/94"}],"wp:attachment":[{"href":"https:\/\/www.ulusiada.pt\/clima\/wp-json\/wp\/v2\/media?parent=2136"}],"curies":[{"name":"wp","href":"https:\/\/api.w.org\/{rel}","templated":true}]}}