{"id":2146,"date":"2012-08-24T10:51:54","date_gmt":"2012-08-24T10:51:54","guid":{"rendered":"http:\/\/www.ulusiada.pt\/clima\/?page_id=2146"},"modified":"2016-05-16T11:32:46","modified_gmt":"2016-05-16T11:32:46","slug":"lei-da-desamortizacao-8","status":"publish","type":"page","link":"https:\/\/www.ulusiada.pt\/clima\/ius-proprium-leis-gerais\/d-dinis\/lei-da-desamortizacao-8\/","title":{"rendered":"Lei da desamortiza\u00e7\u00e3o"},"content":{"rendered":"<p>Lei que pro\u00edbe os cl\u00e9rigos, ordens, mosteiros, fidalgos e cavaleiros de comprar ou adquirir bens nos reguengos de el-rei.<\/p>\n","protected":false},"excerpt":{"rendered":"<p>Lei que pro\u00edbe os cl\u00e9rigos, ordens, mosteiros, fidalgos e cavaleiros de comprar ou adquirir bens nos reguengos de el-rei.<\/p>\n","protected":false},"author":1,"featured_media":0,"parent":94,"menu_order":63,"comment_status":"closed","ping_status":"open","template":"lei-page.php","meta":[],"acf":[],"_links":{"self":[{"href":"https:\/\/www.ulusiada.pt\/clima\/wp-json\/wp\/v2\/pages\/2146"}],"collection":[{"href":"https:\/\/www.ulusiada.pt\/clima\/wp-json\/wp\/v2\/pages"}],"about":[{"href":"https:\/\/www.ulusiada.pt\/clima\/wp-json\/wp\/v2\/types\/page"}],"author":[{"embeddable":true,"href":"https:\/\/www.ulusiada.pt\/clima\/wp-json\/wp\/v2\/users\/1"}],"replies":[{"embeddable":true,"href":"https:\/\/www.ulusiada.pt\/clima\/wp-json\/wp\/v2\/comments?post=2146"}],"version-history":[{"count":16,"href":"https:\/\/www.ulusiada.pt\/clima\/wp-json\/wp\/v2\/pages\/2146\/revisions"}],"predecessor-version":[{"id":4731,"href":"https:\/\/www.ulusiada.pt\/clima\/wp-json\/wp\/v2\/pages\/2146\/revisions\/4731"}],"up":[{"embeddable":true,"href":"https:\/\/www.ulusiada.pt\/clima\/wp-json\/wp\/v2\/pages\/94"}],"wp:attachment":[{"href":"https:\/\/www.ulusiada.pt\/clima\/wp-json\/wp\/v2\/media?parent=2146"}],"curies":[{"name":"wp","href":"https:\/\/api.w.org\/{rel}","templated":true}]}}