{"id":2187,"date":"2012-08-24T15:22:47","date_gmt":"2012-08-24T15:22:47","guid":{"rendered":"http:\/\/www.ulusiada.pt\/clima\/?page_id=2187"},"modified":"2012-08-24T15:23:05","modified_gmt":"2012-08-24T15:23:05","slug":"lei-dos-contratos-por-dividas","status":"publish","type":"page","link":"https:\/\/www.ulusiada.pt\/clima\/ius-proprium-leis-gerais\/d-dinis\/lei-dos-contratos-por-dividas\/","title":{"rendered":"Lei dos contratos por d\u00edvidas"},"content":{"rendered":"<p>Lei de que n\u00e3o valha nenhum contrato feito s\u00f3 com juramento de boa f\u00e9.<\/p>\n","protected":false},"excerpt":{"rendered":"<p>Lei de que n\u00e3o valha nenhum contrato feito s\u00f3 com juramento de boa f\u00e9.<\/p>\n","protected":false},"author":1,"featured_media":0,"parent":94,"menu_order":70,"comment_status":"closed","ping_status":"open","template":"lei-page.php","meta":[],"acf":[],"_links":{"self":[{"href":"https:\/\/www.ulusiada.pt\/clima\/wp-json\/wp\/v2\/pages\/2187"}],"collection":[{"href":"https:\/\/www.ulusiada.pt\/clima\/wp-json\/wp\/v2\/pages"}],"about":[{"href":"https:\/\/www.ulusiada.pt\/clima\/wp-json\/wp\/v2\/types\/page"}],"author":[{"embeddable":true,"href":"https:\/\/www.ulusiada.pt\/clima\/wp-json\/wp\/v2\/users\/1"}],"replies":[{"embeddable":true,"href":"https:\/\/www.ulusiada.pt\/clima\/wp-json\/wp\/v2\/comments?post=2187"}],"version-history":[{"count":3,"href":"https:\/\/www.ulusiada.pt\/clima\/wp-json\/wp\/v2\/pages\/2187\/revisions"}],"predecessor-version":[{"id":2190,"href":"https:\/\/www.ulusiada.pt\/clima\/wp-json\/wp\/v2\/pages\/2187\/revisions\/2190"}],"up":[{"embeddable":true,"href":"https:\/\/www.ulusiada.pt\/clima\/wp-json\/wp\/v2\/pages\/94"}],"wp:attachment":[{"href":"https:\/\/www.ulusiada.pt\/clima\/wp-json\/wp\/v2\/media?parent=2187"}],"curies":[{"name":"wp","href":"https:\/\/api.w.org\/{rel}","templated":true}]}}