{"id":2194,"date":"2012-08-26T15:15:49","date_gmt":"2012-08-26T15:15:49","guid":{"rendered":"http:\/\/www.ulusiada.pt\/clima\/?page_id=2194"},"modified":"2012-08-26T15:15:57","modified_gmt":"2012-08-26T15:15:57","slug":"lei-dos-advogados-e-procuradores-2","status":"publish","type":"page","link":"https:\/\/www.ulusiada.pt\/clima\/ius-proprium-leis-gerais\/d-dinis\/lei-dos-advogados-e-procuradores-2\/","title":{"rendered":"Lei dos advogados e procuradores"},"content":{"rendered":"<p>Lei para que os advogados e procuradores n\u00e3o tomem servi\u00e7os de p\u00e3o, vinho, carne e outros mantimentos, das pessoas que representam nos feitos.<\/p>\n","protected":false},"excerpt":{"rendered":"<p>Lei para que os advogados e procuradores n\u00e3o tomem servi\u00e7os de p\u00e3o, vinho, carne e outros mantimentos, das pessoas que representam nos feitos.<\/p>\n","protected":false},"author":1,"featured_media":0,"parent":94,"menu_order":71,"comment_status":"closed","ping_status":"open","template":"lei-page.php","meta":[],"acf":[],"_links":{"self":[{"href":"https:\/\/www.ulusiada.pt\/clima\/wp-json\/wp\/v2\/pages\/2194"}],"collection":[{"href":"https:\/\/www.ulusiada.pt\/clima\/wp-json\/wp\/v2\/pages"}],"about":[{"href":"https:\/\/www.ulusiada.pt\/clima\/wp-json\/wp\/v2\/types\/page"}],"author":[{"embeddable":true,"href":"https:\/\/www.ulusiada.pt\/clima\/wp-json\/wp\/v2\/users\/1"}],"replies":[{"embeddable":true,"href":"https:\/\/www.ulusiada.pt\/clima\/wp-json\/wp\/v2\/comments?post=2194"}],"version-history":[{"count":3,"href":"https:\/\/www.ulusiada.pt\/clima\/wp-json\/wp\/v2\/pages\/2194\/revisions"}],"predecessor-version":[{"id":2197,"href":"https:\/\/www.ulusiada.pt\/clima\/wp-json\/wp\/v2\/pages\/2194\/revisions\/2197"}],"up":[{"embeddable":true,"href":"https:\/\/www.ulusiada.pt\/clima\/wp-json\/wp\/v2\/pages\/94"}],"wp:attachment":[{"href":"https:\/\/www.ulusiada.pt\/clima\/wp-json\/wp\/v2\/media?parent=2194"}],"curies":[{"name":"wp","href":"https:\/\/api.w.org\/{rel}","templated":true}]}}