{"id":2206,"date":"2012-08-26T16:56:05","date_gmt":"2012-08-26T16:56:05","guid":{"rendered":"http:\/\/www.ulusiada.pt\/clima\/?page_id=2206"},"modified":"2012-08-26T16:57:38","modified_gmt":"2012-08-26T16:57:38","slug":"carta-para-se-cumprirem-as-leis-anteriores","status":"publish","type":"page","link":"https:\/\/www.ulusiada.pt\/clima\/ius-proprium-leis-gerais\/d-dinis\/carta-para-se-cumprirem-as-leis-anteriores\/","title":{"rendered":"Carta para se cumprirem as leis anteriores"},"content":{"rendered":"<p>Imposi\u00e7\u00e3o para que se guarde a lei sobre a forma dos contratos entre judeus e crist\u00e3os (<strong><a title=\"http:\/\/www.ulusiada.pt\/clima\/ius-proprium-leis-gerais\/d-dinis\/lei-dos-contratos-entre-judeus-e-cristaos\/\" href=\"http:\/\/www.ulusiada.pt\/clima\/ius-proprium-leis-gerais\/d-dinis\/lei-dos-contratos-entre-judeus-e-cristaos\/\" target=\"_blank\">1314-09-02 \u2013 Lisboa<\/a><\/strong>) e a quita\u00e7\u00e3o das d\u00edvidas (<strong><a title=\"http:\/\/www.ulusiada.pt\/clima\/ius-proprium-leis-gerais\/d-dinis\/lei-das-dividas-dos-judeus\/\" href=\"http:\/\/www.ulusiada.pt\/clima\/ius-proprium-leis-gerais\/d-dinis\/lei-das-dividas-dos-judeus\/\" target=\"_blank\">1314-08-23 \u2013 Lisboa<\/a><\/strong>).<\/p>\n","protected":false},"excerpt":{"rendered":"<p>Imposi\u00e7\u00e3o para que se guarde a lei sobre a forma dos contratos entre judeus e crist\u00e3os (1314-09-02 \u2013 Lisboa) e a quita\u00e7\u00e3o das d\u00edvidas (1314-08-23 \u2013 Lisboa).<\/p>\n","protected":false},"author":1,"featured_media":0,"parent":94,"menu_order":74,"comment_status":"closed","ping_status":"open","template":"lei-page.php","meta":[],"acf":[],"_links":{"self":[{"href":"https:\/\/www.ulusiada.pt\/clima\/wp-json\/wp\/v2\/pages\/2206"}],"collection":[{"href":"https:\/\/www.ulusiada.pt\/clima\/wp-json\/wp\/v2\/pages"}],"about":[{"href":"https:\/\/www.ulusiada.pt\/clima\/wp-json\/wp\/v2\/types\/page"}],"author":[{"embeddable":true,"href":"https:\/\/www.ulusiada.pt\/clima\/wp-json\/wp\/v2\/users\/1"}],"replies":[{"embeddable":true,"href":"https:\/\/www.ulusiada.pt\/clima\/wp-json\/wp\/v2\/comments?post=2206"}],"version-history":[{"count":5,"href":"https:\/\/www.ulusiada.pt\/clima\/wp-json\/wp\/v2\/pages\/2206\/revisions"}],"predecessor-version":[{"id":2209,"href":"https:\/\/www.ulusiada.pt\/clima\/wp-json\/wp\/v2\/pages\/2206\/revisions\/2209"}],"up":[{"embeddable":true,"href":"https:\/\/www.ulusiada.pt\/clima\/wp-json\/wp\/v2\/pages\/94"}],"wp:attachment":[{"href":"https:\/\/www.ulusiada.pt\/clima\/wp-json\/wp\/v2\/media?parent=2206"}],"curies":[{"name":"wp","href":"https:\/\/api.w.org\/{rel}","templated":true}]}}