{"id":2213,"date":"2012-08-26T17:15:59","date_gmt":"2012-08-26T17:15:59","guid":{"rendered":"http:\/\/www.ulusiada.pt\/clima\/?page_id=2213"},"modified":"2012-08-26T17:16:08","modified_gmt":"2012-08-26T17:16:08","slug":"lei-dos-contratos-dos-judeus","status":"publish","type":"page","link":"https:\/\/www.ulusiada.pt\/clima\/ius-proprium-leis-gerais\/d-dinis\/lei-dos-contratos-dos-judeus\/","title":{"rendered":"Lei dos contratos dos judeus"},"content":{"rendered":"<p>Lei que estabelece que na vila de Santar\u00e9m estejam sempre em lugar certo, todos os dias n\u00e3o feriados, um alvazil e um tabeli\u00e3o para que os judeus pudessem fazer os seus contratos na conformidade da lei.<\/p>\n","protected":false},"excerpt":{"rendered":"<p>Lei que estabelece que na vila de Santar\u00e9m estejam sempre em lugar certo, todos os dias n\u00e3o feriados, um alvazil e um tabeli\u00e3o para que os judeus pudessem fazer os seus contratos na conformidade da lei.<\/p>\n","protected":false},"author":1,"featured_media":0,"parent":94,"menu_order":75,"comment_status":"closed","ping_status":"open","template":"lei-page.php","meta":[],"acf":[],"_links":{"self":[{"href":"https:\/\/www.ulusiada.pt\/clima\/wp-json\/wp\/v2\/pages\/2213"}],"collection":[{"href":"https:\/\/www.ulusiada.pt\/clima\/wp-json\/wp\/v2\/pages"}],"about":[{"href":"https:\/\/www.ulusiada.pt\/clima\/wp-json\/wp\/v2\/types\/page"}],"author":[{"embeddable":true,"href":"https:\/\/www.ulusiada.pt\/clima\/wp-json\/wp\/v2\/users\/1"}],"replies":[{"embeddable":true,"href":"https:\/\/www.ulusiada.pt\/clima\/wp-json\/wp\/v2\/comments?post=2213"}],"version-history":[{"count":3,"href":"https:\/\/www.ulusiada.pt\/clima\/wp-json\/wp\/v2\/pages\/2213\/revisions"}],"predecessor-version":[{"id":2216,"href":"https:\/\/www.ulusiada.pt\/clima\/wp-json\/wp\/v2\/pages\/2213\/revisions\/2216"}],"up":[{"embeddable":true,"href":"https:\/\/www.ulusiada.pt\/clima\/wp-json\/wp\/v2\/pages\/94"}],"wp:attachment":[{"href":"https:\/\/www.ulusiada.pt\/clima\/wp-json\/wp\/v2\/media?parent=2213"}],"curies":[{"name":"wp","href":"https:\/\/api.w.org\/{rel}","templated":true}]}}