{"id":2221,"date":"2012-08-26T17:41:48","date_gmt":"2012-08-26T17:41:48","guid":{"rendered":"http:\/\/www.ulusiada.pt\/clima\/?page_id=2221"},"modified":"2012-08-26T17:41:48","modified_gmt":"2012-08-26T17:41:48","slug":"lei-do-foro-eclesiastico-2","status":"publish","type":"page","link":"https:\/\/www.ulusiada.pt\/clima\/ius-proprium-leis-gerais\/d-dinis\/lei-do-foro-eclesiastico-2\/","title":{"rendered":"Lei do foro eclesi\u00e1stico"},"content":{"rendered":"<p>Lei para que as justi\u00e7as guardem os casos em que os cl\u00e9rigos s\u00e3o da jurisdi\u00e7\u00e3o eclesi\u00e1stica.<\/p>\n","protected":false},"excerpt":{"rendered":"<p>Lei para que as justi\u00e7as guardem os casos em que os cl\u00e9rigos s\u00e3o da jurisdi\u00e7\u00e3o eclesi\u00e1stica.<\/p>\n","protected":false},"author":1,"featured_media":0,"parent":94,"menu_order":77,"comment_status":"closed","ping_status":"open","template":"lei-page.php","meta":[],"acf":[],"_links":{"self":[{"href":"https:\/\/www.ulusiada.pt\/clima\/wp-json\/wp\/v2\/pages\/2221"}],"collection":[{"href":"https:\/\/www.ulusiada.pt\/clima\/wp-json\/wp\/v2\/pages"}],"about":[{"href":"https:\/\/www.ulusiada.pt\/clima\/wp-json\/wp\/v2\/types\/page"}],"author":[{"embeddable":true,"href":"https:\/\/www.ulusiada.pt\/clima\/wp-json\/wp\/v2\/users\/1"}],"replies":[{"embeddable":true,"href":"https:\/\/www.ulusiada.pt\/clima\/wp-json\/wp\/v2\/comments?post=2221"}],"version-history":[{"count":2,"href":"https:\/\/www.ulusiada.pt\/clima\/wp-json\/wp\/v2\/pages\/2221\/revisions"}],"predecessor-version":[{"id":2223,"href":"https:\/\/www.ulusiada.pt\/clima\/wp-json\/wp\/v2\/pages\/2221\/revisions\/2223"}],"up":[{"embeddable":true,"href":"https:\/\/www.ulusiada.pt\/clima\/wp-json\/wp\/v2\/pages\/94"}],"wp:attachment":[{"href":"https:\/\/www.ulusiada.pt\/clima\/wp-json\/wp\/v2\/media?parent=2221"}],"curies":[{"name":"wp","href":"https:\/\/api.w.org\/{rel}","templated":true}]}}