{"id":2225,"date":"2012-08-27T09:17:52","date_gmt":"2012-08-27T09:17:52","guid":{"rendered":"http:\/\/www.ulusiada.pt\/clima\/?page_id=2225"},"modified":"2012-08-27T09:18:08","modified_gmt":"2012-08-27T09:18:08","slug":"lei-da-apelacao-das-interlocutorias","status":"publish","type":"page","link":"https:\/\/www.ulusiada.pt\/clima\/ius-proprium-leis-gerais\/d-dinis\/lei-da-apelacao-das-interlocutorias\/","title":{"rendered":"Lei da apela\u00e7\u00e3o das interlocut\u00f3rias"},"content":{"rendered":"<p>Lei que determina aos sobreju\u00edzes e ouvidores que livrem sem delonga os feitos das apela\u00e7\u00f5es de senten\u00e7as interlocut\u00f3rias.<\/p>\n","protected":false},"excerpt":{"rendered":"<p>Lei que determina aos sobreju\u00edzes e ouvidores que livrem sem delonga os feitos das apela\u00e7\u00f5es de senten\u00e7as interlocut\u00f3rias.<\/p>\n","protected":false},"author":1,"featured_media":0,"parent":94,"menu_order":78,"comment_status":"closed","ping_status":"open","template":"lei-page.php","meta":[],"acf":[],"_links":{"self":[{"href":"https:\/\/www.ulusiada.pt\/clima\/wp-json\/wp\/v2\/pages\/2225"}],"collection":[{"href":"https:\/\/www.ulusiada.pt\/clima\/wp-json\/wp\/v2\/pages"}],"about":[{"href":"https:\/\/www.ulusiada.pt\/clima\/wp-json\/wp\/v2\/types\/page"}],"author":[{"embeddable":true,"href":"https:\/\/www.ulusiada.pt\/clima\/wp-json\/wp\/v2\/users\/1"}],"replies":[{"embeddable":true,"href":"https:\/\/www.ulusiada.pt\/clima\/wp-json\/wp\/v2\/comments?post=2225"}],"version-history":[{"count":3,"href":"https:\/\/www.ulusiada.pt\/clima\/wp-json\/wp\/v2\/pages\/2225\/revisions"}],"predecessor-version":[{"id":2228,"href":"https:\/\/www.ulusiada.pt\/clima\/wp-json\/wp\/v2\/pages\/2225\/revisions\/2228"}],"up":[{"embeddable":true,"href":"https:\/\/www.ulusiada.pt\/clima\/wp-json\/wp\/v2\/pages\/94"}],"wp:attachment":[{"href":"https:\/\/www.ulusiada.pt\/clima\/wp-json\/wp\/v2\/media?parent=2225"}],"curies":[{"name":"wp","href":"https:\/\/api.w.org\/{rel}","templated":true}]}}