{"id":2238,"date":"2012-08-27T11:53:22","date_gmt":"2012-08-27T11:53:22","guid":{"rendered":"http:\/\/www.ulusiada.pt\/clima\/?page_id=2238"},"modified":"2012-09-05T17:44:53","modified_gmt":"2012-09-05T17:44:53","slug":"lei-das-apelacoes-dos-fidalgos","status":"publish","type":"page","link":"https:\/\/www.ulusiada.pt\/clima\/ius-proprium-leis-gerais\/d-dinis\/lei-das-apelacoes-dos-fidalgos\/","title":{"rendered":"Lei das apela\u00e7\u00f5es dos fidalgos"},"content":{"rendered":"<p>Lei das apela\u00e7\u00f5es que saem das terras dos fidalgos, que determina que devem sempre ser dadas apela\u00e7\u00f5es das senten\u00e7as proferidas por ju\u00edzes nas terras de ricos-homens, fidalgos e das ordens.<\/p>\n","protected":false},"excerpt":{"rendered":"<p>Lei das apela\u00e7\u00f5es que saem das terras dos fidalgos, que determina que devem sempre ser dadas apela\u00e7\u00f5es das senten\u00e7as proferidas por ju\u00edzes nas terras de ricos-homens, fidalgos e das ordens.<\/p>\n","protected":false},"author":1,"featured_media":0,"parent":94,"menu_order":80,"comment_status":"closed","ping_status":"open","template":"lei-page.php","meta":[],"acf":[],"_links":{"self":[{"href":"https:\/\/www.ulusiada.pt\/clima\/wp-json\/wp\/v2\/pages\/2238"}],"collection":[{"href":"https:\/\/www.ulusiada.pt\/clima\/wp-json\/wp\/v2\/pages"}],"about":[{"href":"https:\/\/www.ulusiada.pt\/clima\/wp-json\/wp\/v2\/types\/page"}],"author":[{"embeddable":true,"href":"https:\/\/www.ulusiada.pt\/clima\/wp-json\/wp\/v2\/users\/1"}],"replies":[{"embeddable":true,"href":"https:\/\/www.ulusiada.pt\/clima\/wp-json\/wp\/v2\/comments?post=2238"}],"version-history":[{"count":10,"href":"https:\/\/www.ulusiada.pt\/clima\/wp-json\/wp\/v2\/pages\/2238\/revisions"}],"predecessor-version":[{"id":2241,"href":"https:\/\/www.ulusiada.pt\/clima\/wp-json\/wp\/v2\/pages\/2238\/revisions\/2241"}],"up":[{"embeddable":true,"href":"https:\/\/www.ulusiada.pt\/clima\/wp-json\/wp\/v2\/pages\/94"}],"wp:attachment":[{"href":"https:\/\/www.ulusiada.pt\/clima\/wp-json\/wp\/v2\/media?parent=2238"}],"curies":[{"name":"wp","href":"https:\/\/api.w.org\/{rel}","templated":true}]}}