{"id":2264,"date":"2012-08-27T14:28:37","date_gmt":"2012-08-27T14:28:37","guid":{"rendered":"http:\/\/www.ulusiada.pt\/clima\/?page_id=2264"},"modified":"2012-08-28T14:09:28","modified_gmt":"2012-08-28T14:09:28","slug":"lei-caducidade-dividas-dos-judeus","status":"publish","type":"page","link":"https:\/\/www.ulusiada.pt\/clima\/ius-proprium-leis-gerais\/d-dinis\/lei-caducidade-dividas-dos-judeus\/","title":{"rendered":"Lei caducidade d\u00edvidas dos judeus"},"content":{"rendered":"<p>Lei que estabelece que qualquer obriga\u00e7\u00e3o ou d\u00edvida contra\u00edda por crist\u00e3o contra judeu caduca, sem possibilidades de reclama\u00e7\u00e3o, passados vinte anos.<\/p>\n","protected":false},"excerpt":{"rendered":"<p>Lei que estabelece que qualquer obriga\u00e7\u00e3o ou d\u00edvida contra\u00edda por crist\u00e3o contra judeu caduca, sem possibilidades de reclama\u00e7\u00e3o, passados vinte anos.<\/p>\n","protected":false},"author":1,"featured_media":0,"parent":94,"menu_order":85,"comment_status":"closed","ping_status":"open","template":"lei-page.php","meta":[],"acf":[],"_links":{"self":[{"href":"https:\/\/www.ulusiada.pt\/clima\/wp-json\/wp\/v2\/pages\/2264"}],"collection":[{"href":"https:\/\/www.ulusiada.pt\/clima\/wp-json\/wp\/v2\/pages"}],"about":[{"href":"https:\/\/www.ulusiada.pt\/clima\/wp-json\/wp\/v2\/types\/page"}],"author":[{"embeddable":true,"href":"https:\/\/www.ulusiada.pt\/clima\/wp-json\/wp\/v2\/users\/1"}],"replies":[{"embeddable":true,"href":"https:\/\/www.ulusiada.pt\/clima\/wp-json\/wp\/v2\/comments?post=2264"}],"version-history":[{"count":12,"href":"https:\/\/www.ulusiada.pt\/clima\/wp-json\/wp\/v2\/pages\/2264\/revisions"}],"predecessor-version":[{"id":2267,"href":"https:\/\/www.ulusiada.pt\/clima\/wp-json\/wp\/v2\/pages\/2264\/revisions\/2267"}],"up":[{"embeddable":true,"href":"https:\/\/www.ulusiada.pt\/clima\/wp-json\/wp\/v2\/pages\/94"}],"wp:attachment":[{"href":"https:\/\/www.ulusiada.pt\/clima\/wp-json\/wp\/v2\/media?parent=2264"}],"curies":[{"name":"wp","href":"https:\/\/api.w.org\/{rel}","templated":true}]}}