{"id":2309,"date":"2012-08-28T11:50:26","date_gmt":"2012-08-28T11:50:26","guid":{"rendered":"http:\/\/www.ulusiada.pt\/clima\/?page_id=2309"},"modified":"2012-08-28T11:53:05","modified_gmt":"2012-08-28T11:53:05","slug":"lei-dos-advogados-e-procuradores-4","status":"publish","type":"page","link":"https:\/\/www.ulusiada.pt\/clima\/ius-proprium-leis-gerais\/d-dinis\/lei-dos-advogados-e-procuradores-4\/","title":{"rendered":"Lei dos advogados e procuradores"},"content":{"rendered":"<p>Lei que confirma a lei (<strong><a title=\"http:\/\/www.ulusiada.pt\/clima\/ius-proprium-leis-gerais\/d-dinis\/lei-dos-advogados-e-procuradores-3\/?preview=true&amp;preview_id=2300&amp;preview_nonce=48861febe7\" href=\"http:\/\/www.ulusiada.pt\/clima\/ius-proprium-leis-gerais\/d-dinis\/lei-dos-advogados-e-procuradores-3\/?preview=true&amp;preview_id=2300&amp;preview_nonce=48861febe7\" target=\"_blank\">1322-08-04<\/a><\/strong>) sobre a cobran\u00e7a de metade dos sal\u00e1rios no in\u00edcio e a outra metade no final dos feitos, pelos advogados e procuradores.<\/p>\n","protected":false},"excerpt":{"rendered":"<p>Lei que confirma a lei (1322-08-04) sobre a cobran\u00e7a de metade dos sal\u00e1rios no in\u00edcio e a outra metade no final dos feitos, pelos advogados e procuradores.<\/p>\n","protected":false},"author":1,"featured_media":0,"parent":94,"menu_order":93,"comment_status":"closed","ping_status":"open","template":"lei-page.php","meta":[],"acf":[],"_links":{"self":[{"href":"https:\/\/www.ulusiada.pt\/clima\/wp-json\/wp\/v2\/pages\/2309"}],"collection":[{"href":"https:\/\/www.ulusiada.pt\/clima\/wp-json\/wp\/v2\/pages"}],"about":[{"href":"https:\/\/www.ulusiada.pt\/clima\/wp-json\/wp\/v2\/types\/page"}],"author":[{"embeddable":true,"href":"https:\/\/www.ulusiada.pt\/clima\/wp-json\/wp\/v2\/users\/1"}],"replies":[{"embeddable":true,"href":"https:\/\/www.ulusiada.pt\/clima\/wp-json\/wp\/v2\/comments?post=2309"}],"version-history":[{"count":4,"href":"https:\/\/www.ulusiada.pt\/clima\/wp-json\/wp\/v2\/pages\/2309\/revisions"}],"predecessor-version":[{"id":2312,"href":"https:\/\/www.ulusiada.pt\/clima\/wp-json\/wp\/v2\/pages\/2309\/revisions\/2312"}],"up":[{"embeddable":true,"href":"https:\/\/www.ulusiada.pt\/clima\/wp-json\/wp\/v2\/pages\/94"}],"wp:attachment":[{"href":"https:\/\/www.ulusiada.pt\/clima\/wp-json\/wp\/v2\/media?parent=2309"}],"curies":[{"name":"wp","href":"https:\/\/api.w.org\/{rel}","templated":true}]}}