{"id":2316,"date":"2012-08-28T12:18:59","date_gmt":"2012-08-28T12:18:59","guid":{"rendered":"http:\/\/www.ulusiada.pt\/clima\/?page_id=2316"},"modified":"2012-08-28T12:26:42","modified_gmt":"2012-08-28T12:26:42","slug":"lei-dos-contratos-entre-cristaos-e-judeus","status":"publish","type":"page","link":"https:\/\/www.ulusiada.pt\/clima\/ius-proprium-leis-gerais\/d-dinis\/lei-dos-contratos-entre-cristaos-e-judeus\/","title":{"rendered":"Lei dos contratos entre crist\u00e3os e judeus"},"content":{"rendered":"<p>Lei que confirma a lei que impunha que todos os contratos entre judeus e crist\u00e3os fossem feitos perante ju\u00edzes ou alcaides (<strong><a title=\"http:\/\/www.ulusiada.pt\/clima\/ius-proprium-leis-gerais\/d-dinis\/lei-dos-contratos-entre-judeus-e-cristaos\/\" href=\"http:\/\/www.ulusiada.pt\/clima\/ius-proprium-leis-gerais\/d-dinis\/lei-dos-contratos-entre-judeus-e-cristaos\/\" target=\"_blank\">1314-09-02 \u2013 Lisboa<\/a><\/strong>); e que o prazo de vinte anos, na lei da caducidade das d\u00edvidas dos judeus (<strong><a title=\"http:\/\/www.ulusiada.pt\/clima\/ius-proprium-leis-gerais\/d-dinis\/lei-caducidade-dividas-dos-judeus\/?preview=true&amp;preview_id=2264&amp;preview_nonce=8490179a24\" href=\"http:\/\/www.ulusiada.pt\/clima\/ius-proprium-leis-gerais\/d-dinis\/lei-caducidade-dividas-dos-judeus\/?preview=true&amp;preview_id=2264&amp;preview_nonce=8490179a24\" target=\"_blank\">1321-05-02 \u2013 Santar\u00e9m<\/a><\/strong>), s\u00f3 se entenda em rela\u00e7\u00e3o \u00e0s que se fizeram depois da dita lei.<\/p>\n","protected":false},"excerpt":{"rendered":"<p>Lei que confirma a lei que impunha que todos os contratos entre judeus e crist\u00e3os fossem feitos perante ju\u00edzes ou alcaides (1314-09-02 \u2013 Lisboa); e que o prazo de vinte anos, na lei da caducidade das d\u00edvidas dos judeus (1321-05-02 &hellip; <a href=\"https:\/\/www.ulusiada.pt\/clima\/ius-proprium-leis-gerais\/d-dinis\/lei-dos-contratos-entre-cristaos-e-judeus\/\">Continuar a ler <span class=\"meta-nav\">&rarr;<\/span><\/a><\/p>\n","protected":false},"author":1,"featured_media":0,"parent":94,"menu_order":94,"comment_status":"closed","ping_status":"open","template":"lei-page.php","meta":[],"acf":[],"_links":{"self":[{"href":"https:\/\/www.ulusiada.pt\/clima\/wp-json\/wp\/v2\/pages\/2316"}],"collection":[{"href":"https:\/\/www.ulusiada.pt\/clima\/wp-json\/wp\/v2\/pages"}],"about":[{"href":"https:\/\/www.ulusiada.pt\/clima\/wp-json\/wp\/v2\/types\/page"}],"author":[{"embeddable":true,"href":"https:\/\/www.ulusiada.pt\/clima\/wp-json\/wp\/v2\/users\/1"}],"replies":[{"embeddable":true,"href":"https:\/\/www.ulusiada.pt\/clima\/wp-json\/wp\/v2\/comments?post=2316"}],"version-history":[{"count":6,"href":"https:\/\/www.ulusiada.pt\/clima\/wp-json\/wp\/v2\/pages\/2316\/revisions"}],"predecessor-version":[{"id":2319,"href":"https:\/\/www.ulusiada.pt\/clima\/wp-json\/wp\/v2\/pages\/2316\/revisions\/2319"}],"up":[{"embeddable":true,"href":"https:\/\/www.ulusiada.pt\/clima\/wp-json\/wp\/v2\/pages\/94"}],"wp:attachment":[{"href":"https:\/\/www.ulusiada.pt\/clima\/wp-json\/wp\/v2\/media?parent=2316"}],"curies":[{"name":"wp","href":"https:\/\/api.w.org\/{rel}","templated":true}]}}