{"id":2349,"date":"2012-08-28T17:38:31","date_gmt":"2012-08-28T17:38:31","guid":{"rendered":"http:\/\/www.ulusiada.pt\/clima\/?page_id=2349"},"modified":"2012-08-28T17:46:22","modified_gmt":"2012-08-28T17:46:22","slug":"lei-da-portagem","status":"publish","type":"page","link":"https:\/\/www.ulusiada.pt\/clima\/ius-proprium-leis-gerais\/d-dinis\/lei-da-portagem\/","title":{"rendered":"Lei da portagem"},"content":{"rendered":"<p>Lei para que n\u00e3o paguem portagem os concelhos que para isso t\u00eam privil\u00e9gio.<\/p>\n","protected":false},"excerpt":{"rendered":"<p>Lei para que n\u00e3o paguem portagem os concelhos que para isso t\u00eam privil\u00e9gio.<\/p>\n","protected":false},"author":1,"featured_media":0,"parent":94,"menu_order":98,"comment_status":"closed","ping_status":"open","template":"lei-page.php","meta":[],"acf":[],"_links":{"self":[{"href":"https:\/\/www.ulusiada.pt\/clima\/wp-json\/wp\/v2\/pages\/2349"}],"collection":[{"href":"https:\/\/www.ulusiada.pt\/clima\/wp-json\/wp\/v2\/pages"}],"about":[{"href":"https:\/\/www.ulusiada.pt\/clima\/wp-json\/wp\/v2\/types\/page"}],"author":[{"embeddable":true,"href":"https:\/\/www.ulusiada.pt\/clima\/wp-json\/wp\/v2\/users\/1"}],"replies":[{"embeddable":true,"href":"https:\/\/www.ulusiada.pt\/clima\/wp-json\/wp\/v2\/comments?post=2349"}],"version-history":[{"count":4,"href":"https:\/\/www.ulusiada.pt\/clima\/wp-json\/wp\/v2\/pages\/2349\/revisions"}],"predecessor-version":[{"id":2351,"href":"https:\/\/www.ulusiada.pt\/clima\/wp-json\/wp\/v2\/pages\/2349\/revisions\/2351"}],"up":[{"embeddable":true,"href":"https:\/\/www.ulusiada.pt\/clima\/wp-json\/wp\/v2\/pages\/94"}],"wp:attachment":[{"href":"https:\/\/www.ulusiada.pt\/clima\/wp-json\/wp\/v2\/media?parent=2349"}],"curies":[{"name":"wp","href":"https:\/\/api.w.org\/{rel}","templated":true}]}}