{"id":2356,"date":"2012-08-28T18:09:09","date_gmt":"2012-08-28T18:09:09","guid":{"rendered":"http:\/\/www.ulusiada.pt\/clima\/?page_id=2356"},"modified":"2012-08-28T18:09:09","modified_gmt":"2012-08-28T18:09:09","slug":"lei-da-apelacao-dos-arbitros","status":"publish","type":"page","link":"https:\/\/www.ulusiada.pt\/clima\/ius-proprium-leis-gerais\/d-dinis\/lei-da-apelacao-dos-arbitros\/","title":{"rendered":"Lei da apela\u00e7\u00e3o dos \u00e1rbitros"},"content":{"rendered":"<p>Lei para que dos ju\u00edzes \u00e1rbitros se possa apelar para os sobrejuizes.<\/p>\n","protected":false},"excerpt":{"rendered":"<p>Lei para que dos ju\u00edzes \u00e1rbitros se possa apelar para os sobrejuizes.<\/p>\n","protected":false},"author":1,"featured_media":0,"parent":94,"menu_order":99,"comment_status":"closed","ping_status":"open","template":"lei-page.php","meta":[],"acf":[],"_links":{"self":[{"href":"https:\/\/www.ulusiada.pt\/clima\/wp-json\/wp\/v2\/pages\/2356"}],"collection":[{"href":"https:\/\/www.ulusiada.pt\/clima\/wp-json\/wp\/v2\/pages"}],"about":[{"href":"https:\/\/www.ulusiada.pt\/clima\/wp-json\/wp\/v2\/types\/page"}],"author":[{"embeddable":true,"href":"https:\/\/www.ulusiada.pt\/clima\/wp-json\/wp\/v2\/users\/1"}],"replies":[{"embeddable":true,"href":"https:\/\/www.ulusiada.pt\/clima\/wp-json\/wp\/v2\/comments?post=2356"}],"version-history":[{"count":2,"href":"https:\/\/www.ulusiada.pt\/clima\/wp-json\/wp\/v2\/pages\/2356\/revisions"}],"predecessor-version":[{"id":2358,"href":"https:\/\/www.ulusiada.pt\/clima\/wp-json\/wp\/v2\/pages\/2356\/revisions\/2358"}],"up":[{"embeddable":true,"href":"https:\/\/www.ulusiada.pt\/clima\/wp-json\/wp\/v2\/pages\/94"}],"wp:attachment":[{"href":"https:\/\/www.ulusiada.pt\/clima\/wp-json\/wp\/v2\/media?parent=2356"}],"curies":[{"name":"wp","href":"https:\/\/api.w.org\/{rel}","templated":true}]}}