{"id":2368,"date":"2012-08-29T11:37:50","date_gmt":"2012-08-29T11:37:50","guid":{"rendered":"http:\/\/www.ulusiada.pt\/clima\/?page_id=2368"},"modified":"2012-08-30T11:15:09","modified_gmt":"2012-08-30T11:15:09","slug":"lei-da-prioridade-das-dividas","status":"publish","type":"page","link":"https:\/\/www.ulusiada.pt\/clima\/ius-proprium-leis-gerais\/d-dinis\/lei-da-prioridade-das-dividas\/","title":{"rendered":"Lei da prioridade das d\u00edvidas"},"content":{"rendered":"<p>Lei que estabelece prioridades em caso de v\u00e1rias pleitos sobre d\u00edvidas, estabelecendo que o credor que primeiramente houver senten\u00e7a e fizer execu\u00e7\u00e3o preceda todas as outras d\u00edvidas, ainda que sejam primeiras no tempo.<\/p>\n","protected":false},"excerpt":{"rendered":"<p>Lei que estabelece prioridades em caso de v\u00e1rias pleitos sobre d\u00edvidas, estabelecendo que o credor que primeiramente houver senten\u00e7a e fizer execu\u00e7\u00e3o preceda todas as outras d\u00edvidas, ainda que sejam primeiras no tempo.<\/p>\n","protected":false},"author":1,"featured_media":0,"parent":94,"menu_order":102,"comment_status":"closed","ping_status":"open","template":"lei-page.php","meta":[],"acf":[],"_links":{"self":[{"href":"https:\/\/www.ulusiada.pt\/clima\/wp-json\/wp\/v2\/pages\/2368"}],"collection":[{"href":"https:\/\/www.ulusiada.pt\/clima\/wp-json\/wp\/v2\/pages"}],"about":[{"href":"https:\/\/www.ulusiada.pt\/clima\/wp-json\/wp\/v2\/types\/page"}],"author":[{"embeddable":true,"href":"https:\/\/www.ulusiada.pt\/clima\/wp-json\/wp\/v2\/users\/1"}],"replies":[{"embeddable":true,"href":"https:\/\/www.ulusiada.pt\/clima\/wp-json\/wp\/v2\/comments?post=2368"}],"version-history":[{"count":5,"href":"https:\/\/www.ulusiada.pt\/clima\/wp-json\/wp\/v2\/pages\/2368\/revisions"}],"predecessor-version":[{"id":2371,"href":"https:\/\/www.ulusiada.pt\/clima\/wp-json\/wp\/v2\/pages\/2368\/revisions\/2371"}],"up":[{"embeddable":true,"href":"https:\/\/www.ulusiada.pt\/clima\/wp-json\/wp\/v2\/pages\/94"}],"wp:attachment":[{"href":"https:\/\/www.ulusiada.pt\/clima\/wp-json\/wp\/v2\/media?parent=2368"}],"curies":[{"name":"wp","href":"https:\/\/api.w.org\/{rel}","templated":true}]}}