{"id":2382,"date":"2012-08-29T12:06:01","date_gmt":"2012-08-29T12:06:01","guid":{"rendered":"http:\/\/www.ulusiada.pt\/clima\/?page_id=2382"},"modified":"2012-08-30T12:19:48","modified_gmt":"2012-08-30T12:19:48","slug":"lei-dos-presos-contraentes","status":"publish","type":"page","link":"https:\/\/www.ulusiada.pt\/clima\/ius-proprium-leis-gerais\/d-dinis\/lei-dos-presos-contraentes\/","title":{"rendered":"Lei dos presos contraentes"},"content":{"rendered":"<p>Lei que determina que o preso n\u00e3o possa fazer contrato ou contrair obriga\u00e7\u00e3o.<\/p>\n","protected":false},"excerpt":{"rendered":"<p>Lei que determina que o preso n\u00e3o possa fazer contrato ou contrair obriga\u00e7\u00e3o.<\/p>\n","protected":false},"author":1,"featured_media":0,"parent":94,"menu_order":106,"comment_status":"closed","ping_status":"open","template":"lei-page.php","meta":[],"acf":[],"_links":{"self":[{"href":"https:\/\/www.ulusiada.pt\/clima\/wp-json\/wp\/v2\/pages\/2382"}],"collection":[{"href":"https:\/\/www.ulusiada.pt\/clima\/wp-json\/wp\/v2\/pages"}],"about":[{"href":"https:\/\/www.ulusiada.pt\/clima\/wp-json\/wp\/v2\/types\/page"}],"author":[{"embeddable":true,"href":"https:\/\/www.ulusiada.pt\/clima\/wp-json\/wp\/v2\/users\/1"}],"replies":[{"embeddable":true,"href":"https:\/\/www.ulusiada.pt\/clima\/wp-json\/wp\/v2\/comments?post=2382"}],"version-history":[{"count":4,"href":"https:\/\/www.ulusiada.pt\/clima\/wp-json\/wp\/v2\/pages\/2382\/revisions"}],"predecessor-version":[{"id":2384,"href":"https:\/\/www.ulusiada.pt\/clima\/wp-json\/wp\/v2\/pages\/2382\/revisions\/2384"}],"up":[{"embeddable":true,"href":"https:\/\/www.ulusiada.pt\/clima\/wp-json\/wp\/v2\/pages\/94"}],"wp:attachment":[{"href":"https:\/\/www.ulusiada.pt\/clima\/wp-json\/wp\/v2\/media?parent=2382"}],"curies":[{"name":"wp","href":"https:\/\/api.w.org\/{rel}","templated":true}]}}