{"id":2399,"date":"2012-08-29T12:54:03","date_gmt":"2012-08-29T12:54:03","guid":{"rendered":"http:\/\/www.ulusiada.pt\/clima\/?page_id=2399"},"modified":"2012-08-30T11:49:36","modified_gmt":"2012-08-30T11:49:36","slug":"lei-contra-a-violencia","status":"publish","type":"page","link":"https:\/\/www.ulusiada.pt\/clima\/ius-proprium-leis-gerais\/d-dinis\/lei-contra-a-violencia\/","title":{"rendered":"Lei contra a viol\u00eancia"},"content":{"rendered":"<p>Lei com a pena que devem ter os leigos que v\u00e3o em companhia dos cl\u00e9rigos fazer mal ou for\u00e7a.<\/p>\n","protected":false},"excerpt":{"rendered":"<p>Lei com a pena que devem ter os leigos que v\u00e3o em companhia dos cl\u00e9rigos fazer mal ou for\u00e7a.<\/p>\n","protected":false},"author":1,"featured_media":0,"parent":94,"menu_order":110,"comment_status":"closed","ping_status":"open","template":"lei-page.php","meta":[],"acf":[],"_links":{"self":[{"href":"https:\/\/www.ulusiada.pt\/clima\/wp-json\/wp\/v2\/pages\/2399"}],"collection":[{"href":"https:\/\/www.ulusiada.pt\/clima\/wp-json\/wp\/v2\/pages"}],"about":[{"href":"https:\/\/www.ulusiada.pt\/clima\/wp-json\/wp\/v2\/types\/page"}],"author":[{"embeddable":true,"href":"https:\/\/www.ulusiada.pt\/clima\/wp-json\/wp\/v2\/users\/1"}],"replies":[{"embeddable":true,"href":"https:\/\/www.ulusiada.pt\/clima\/wp-json\/wp\/v2\/comments?post=2399"}],"version-history":[{"count":4,"href":"https:\/\/www.ulusiada.pt\/clima\/wp-json\/wp\/v2\/pages\/2399\/revisions"}],"predecessor-version":[{"id":2402,"href":"https:\/\/www.ulusiada.pt\/clima\/wp-json\/wp\/v2\/pages\/2399\/revisions\/2402"}],"up":[{"embeddable":true,"href":"https:\/\/www.ulusiada.pt\/clima\/wp-json\/wp\/v2\/pages\/94"}],"wp:attachment":[{"href":"https:\/\/www.ulusiada.pt\/clima\/wp-json\/wp\/v2\/media?parent=2399"}],"curies":[{"name":"wp","href":"https:\/\/api.w.org\/{rel}","templated":true}]}}