{"id":2426,"date":"2012-08-29T18:37:37","date_gmt":"2012-08-29T18:37:37","guid":{"rendered":"http:\/\/www.ulusiada.pt\/clima\/?page_id=2426"},"modified":"2012-08-30T11:19:48","modified_gmt":"2012-08-30T11:19:48","slug":"lei-da-execucao","status":"publish","type":"page","link":"https:\/\/www.ulusiada.pt\/clima\/ius-proprium-leis-gerais\/d-dinis\/lei-da-execucao\/","title":{"rendered":"Lei da execu\u00e7\u00e3o"},"content":{"rendered":"<p>Lei que define quando a execu\u00e7\u00e3o se suspende ou n\u00e3o, mediante cita\u00e7\u00e3o.<\/p>\n","protected":false},"excerpt":{"rendered":"<p>Lei que define quando a execu\u00e7\u00e3o se suspende ou n\u00e3o, mediante cita\u00e7\u00e3o.<\/p>\n","protected":false},"author":1,"featured_media":0,"parent":94,"menu_order":115,"comment_status":"closed","ping_status":"open","template":"lei-page.php","meta":[],"acf":[],"_links":{"self":[{"href":"https:\/\/www.ulusiada.pt\/clima\/wp-json\/wp\/v2\/pages\/2426"}],"collection":[{"href":"https:\/\/www.ulusiada.pt\/clima\/wp-json\/wp\/v2\/pages"}],"about":[{"href":"https:\/\/www.ulusiada.pt\/clima\/wp-json\/wp\/v2\/types\/page"}],"author":[{"embeddable":true,"href":"https:\/\/www.ulusiada.pt\/clima\/wp-json\/wp\/v2\/users\/1"}],"replies":[{"embeddable":true,"href":"https:\/\/www.ulusiada.pt\/clima\/wp-json\/wp\/v2\/comments?post=2426"}],"version-history":[{"count":3,"href":"https:\/\/www.ulusiada.pt\/clima\/wp-json\/wp\/v2\/pages\/2426\/revisions"}],"predecessor-version":[{"id":2428,"href":"https:\/\/www.ulusiada.pt\/clima\/wp-json\/wp\/v2\/pages\/2426\/revisions\/2428"}],"up":[{"embeddable":true,"href":"https:\/\/www.ulusiada.pt\/clima\/wp-json\/wp\/v2\/pages\/94"}],"wp:attachment":[{"href":"https:\/\/www.ulusiada.pt\/clima\/wp-json\/wp\/v2\/media?parent=2426"}],"curies":[{"name":"wp","href":"https:\/\/api.w.org\/{rel}","templated":true}]}}