{"id":2429,"date":"2012-08-29T18:44:25","date_gmt":"2012-08-29T18:44:25","guid":{"rendered":"http:\/\/www.ulusiada.pt\/clima\/?page_id=2429"},"modified":"2012-08-30T11:22:05","modified_gmt":"2012-08-30T11:22:05","slug":"lei-do-asilo-nas-igrejas","status":"publish","type":"page","link":"https:\/\/www.ulusiada.pt\/clima\/ius-proprium-leis-gerais\/d-dinis\/lei-do-asilo-nas-igrejas\/","title":{"rendered":"Lei do asilo nas igrejas"},"content":{"rendered":"<p>Declara\u00e7\u00e3o dos casos (11) em que, segundo a santa escritura, a igreja n\u00e3o deve conceder direito de asilo aos criminosos.<\/p>\n","protected":false},"excerpt":{"rendered":"<p>Declara\u00e7\u00e3o dos casos (11) em que, segundo a santa escritura, a igreja n\u00e3o deve conceder direito de asilo aos criminosos.<\/p>\n","protected":false},"author":1,"featured_media":0,"parent":94,"menu_order":116,"comment_status":"closed","ping_status":"open","template":"lei-page.php","meta":[],"acf":[],"_links":{"self":[{"href":"https:\/\/www.ulusiada.pt\/clima\/wp-json\/wp\/v2\/pages\/2429"}],"collection":[{"href":"https:\/\/www.ulusiada.pt\/clima\/wp-json\/wp\/v2\/pages"}],"about":[{"href":"https:\/\/www.ulusiada.pt\/clima\/wp-json\/wp\/v2\/types\/page"}],"author":[{"embeddable":true,"href":"https:\/\/www.ulusiada.pt\/clima\/wp-json\/wp\/v2\/users\/1"}],"replies":[{"embeddable":true,"href":"https:\/\/www.ulusiada.pt\/clima\/wp-json\/wp\/v2\/comments?post=2429"}],"version-history":[{"count":4,"href":"https:\/\/www.ulusiada.pt\/clima\/wp-json\/wp\/v2\/pages\/2429\/revisions"}],"predecessor-version":[{"id":2431,"href":"https:\/\/www.ulusiada.pt\/clima\/wp-json\/wp\/v2\/pages\/2429\/revisions\/2431"}],"up":[{"embeddable":true,"href":"https:\/\/www.ulusiada.pt\/clima\/wp-json\/wp\/v2\/pages\/94"}],"wp:attachment":[{"href":"https:\/\/www.ulusiada.pt\/clima\/wp-json\/wp\/v2\/media?parent=2429"}],"curies":[{"name":"wp","href":"https:\/\/api.w.org\/{rel}","templated":true}]}}