{"id":2433,"date":"2012-08-29T18:53:13","date_gmt":"2012-08-29T18:53:13","guid":{"rendered":"http:\/\/www.ulusiada.pt\/clima\/?page_id=2433"},"modified":"2012-08-30T11:23:53","modified_gmt":"2012-08-30T11:23:53","slug":"lei-da-prova-de-violacao","status":"publish","type":"page","link":"https:\/\/www.ulusiada.pt\/clima\/ius-proprium-leis-gerais\/d-dinis\/lei-da-prova-de-violacao\/","title":{"rendered":"Lei da prova de viola\u00e7\u00e3o"},"content":{"rendered":"<p>Lei sobre as provas que oferece a mulher que se diz for\u00e7ada.<\/p>\n","protected":false},"excerpt":{"rendered":"<p>Lei sobre as provas que oferece a mulher que se diz for\u00e7ada.<\/p>\n","protected":false},"author":1,"featured_media":0,"parent":94,"menu_order":117,"comment_status":"closed","ping_status":"open","template":"lei-page.php","meta":[],"acf":[],"_links":{"self":[{"href":"https:\/\/www.ulusiada.pt\/clima\/wp-json\/wp\/v2\/pages\/2433"}],"collection":[{"href":"https:\/\/www.ulusiada.pt\/clima\/wp-json\/wp\/v2\/pages"}],"about":[{"href":"https:\/\/www.ulusiada.pt\/clima\/wp-json\/wp\/v2\/types\/page"}],"author":[{"embeddable":true,"href":"https:\/\/www.ulusiada.pt\/clima\/wp-json\/wp\/v2\/users\/1"}],"replies":[{"embeddable":true,"href":"https:\/\/www.ulusiada.pt\/clima\/wp-json\/wp\/v2\/comments?post=2433"}],"version-history":[{"count":4,"href":"https:\/\/www.ulusiada.pt\/clima\/wp-json\/wp\/v2\/pages\/2433\/revisions"}],"predecessor-version":[{"id":2436,"href":"https:\/\/www.ulusiada.pt\/clima\/wp-json\/wp\/v2\/pages\/2433\/revisions\/2436"}],"up":[{"embeddable":true,"href":"https:\/\/www.ulusiada.pt\/clima\/wp-json\/wp\/v2\/pages\/94"}],"wp:attachment":[{"href":"https:\/\/www.ulusiada.pt\/clima\/wp-json\/wp\/v2\/media?parent=2433"}],"curies":[{"name":"wp","href":"https:\/\/api.w.org\/{rel}","templated":true}]}}